{"id":92946,"date":"2023-09-11T19:16:10","date_gmt":"2023-09-11T19:16:10","guid":{"rendered":"https:\/\/goldcandle.com\/a-propos-de-nous\/"},"modified":"2026-04-14T18:31:44","modified_gmt":"2026-04-14T18:31:44","slug":"a-propos-de-nous","status":"publish","type":"page","link":"https:\/\/goldcandle.com\/fr\/a-propos-de-nous\/","title":{"rendered":"\u00c0 propos de nous"},"content":{"rendered":"<div class=\"fusion-fullwidth fullwidth-box fusion-builder-row-1 fusion-flex-container has-pattern-background has-mask-background nonhundred-percent-fullwidth non-hundred-percent-height-scrolling\" style=\"--link_hover_color: #278b77;--link_color: #278b77;--awb-background-position:right top;--awb-background-blend-mode:overlay;--awb-border-color:#ffffff;--awb-border-radius-top-left:0px;--awb-border-radius-top-right:0px;--awb-border-radius-bottom-right:0px;--awb-border-radius-bottom-left:0px;--awb-padding-top:120px;--awb-padding-bottom:120px;--awb-padding-top-medium:90px;--awb-padding-bottom-medium:90px;--awb-padding-top-small:80px;--awb-padding-bottom-small:80px;--awb-margin-bottom-medium:0px;--awb-background-color:#ffffff;--awb-flex-wrap:wrap;\" id=\"who\" ><div class=\"fusion-builder-row fusion-row fusion-flex-align-items-center fusion-flex-content-wrap\" style=\"max-width:calc( 1200px + 80px );margin-left: calc(-80px \/ 2 );margin-right: calc(-80px \/ 2 );\"><div class=\"fusion-layout-column fusion_builder_column fusion-builder-column-0 fusion-flex-column fusion-animated\" style=\"--awb-bg-size:cover;--awb-width-large:52%;--awb-margin-top-large:0px;--awb-spacing-right-large:72px;--awb-margin-bottom-large:0px;--awb-spacing-left-large:40px;--awb-width-medium:50%;--awb-order-medium:0;--awb-spacing-right-medium:70px;--awb-spacing-left-medium:40px;--awb-width-small:100%;--awb-order-small:0;--awb-spacing-right-small:40px;--awb-spacing-left-small:40px;\" data-animationType=\"fadeInUp\" data-animationDuration=\"0.8\" data-animationOffset=\"top-into-view\"><div class=\"fusion-column-wrapper fusion-column-has-shadow fusion-flex-justify-content-flex-start fusion-content-layout-column\"><div class=\"fusion-image-element \" style=\"--awb-aspect-ratio: 100 \/ 119;--awb-margin-bottom-small:50px;--awb-caption-title-font-family:var(--h2_typography-font-family);--awb-caption-title-font-weight:var(--h2_typography-font-weight);--awb-caption-title-font-style:var(--h2_typography-font-style);--awb-caption-title-size:var(--h2_typography-font-size);--awb-caption-title-transform:var(--h2_typography-text-transform);--awb-caption-title-line-height:var(--h2_typography-line-height);--awb-caption-title-letter-spacing:var(--h2_typography-letter-spacing);\"><span class=\" fusion-imageframe imageframe-none imageframe-1 hover-type-none has-aspect-ratio\"><img decoding=\"async\" width=\"683\" height=\"1024\" title=\"8Q8A3340\" src=\"https:\/\/goldcandle.com\/wp-content\/uploads\/2025\/07\/8Q8A3340-scaled.jpg\" data-orig-src=\"https:\/\/goldcandle.com\/wp-content\/uploads\/2025\/07\/8Q8A3340-683x1024.jpg\" class=\"lazyload img-responsive wp-image-92956 img-with-aspect-ratio\" data-parent-fit=\"cover\" data-parent-container=\".fusion-image-element\" alt srcset=\"data:image\/svg+xml,%3Csvg%20xmlns%3D%27http%3A%2F%2Fwww.w3.org%2F2000%2Fsvg%27%20width%3D%271707%27%20height%3D%272560%27%20viewBox%3D%270%200%201707%202560%27%3E%3Crect%20width%3D%271707%27%20height%3D%272560%27%20fill-opacity%3D%220%22%2F%3E%3C%2Fsvg%3E\" data-srcset=\"https:\/\/goldcandle.com\/wp-content\/uploads\/2025\/07\/8Q8A3340-200x300.jpg 200w, https:\/\/goldcandle.com\/wp-content\/uploads\/2025\/07\/8Q8A3340-400x600.jpg 400w, https:\/\/goldcandle.com\/wp-content\/uploads\/2025\/07\/8Q8A3340-600x900.jpg 600w, https:\/\/goldcandle.com\/wp-content\/uploads\/2025\/07\/8Q8A3340-800x1200.jpg 800w, https:\/\/goldcandle.com\/wp-content\/uploads\/2025\/07\/8Q8A3340-1200x1800.jpg 1200w, https:\/\/goldcandle.com\/wp-content\/uploads\/2025\/07\/8Q8A3340-scaled.jpg 1707w\" data-sizes=\"auto\" data-orig-sizes=\"(max-width: 640px) 100vw, 600px\" \/><\/span><\/div><\/div><\/div><div class=\"fusion-layout-column fusion_builder_column fusion-builder-column-1 fusion-flex-column fusion-animated\" style=\"--awb-padding-bottom-medium:0px;--awb-bg-size:cover;--awb-width-large:48%;--awb-margin-top-large:0px;--awb-spacing-right-large:40px;--awb-margin-bottom-large:0px;--awb-spacing-left-large:55px;--awb-width-medium:50%;--awb-order-medium:0;--awb-spacing-right-medium:40px;--awb-spacing-left-medium:20px;--awb-width-small:100%;--awb-order-small:0;--awb-spacing-right-small:40px;--awb-spacing-left-small:20px;\" data-animationType=\"fadeInRight\" data-animationDuration=\"1.3\" data-animationOffset=\"top-into-view\"><div class=\"fusion-column-wrapper fusion-column-has-shadow fusion-flex-justify-content-flex-start fusion-content-layout-column\"><div class=\"fusion-separator fusion-full-width-sep\" style=\"align-self: center;margin-left: auto;margin-right: auto;margin-top:10px;margin-bottom:30px;width:100%;\"><div class=\"fusion-separator-border sep-single sep-solid\" style=\"--awb-height:20px;--awb-amount:20px;border-color:var(--awb-color3);border-top-width:1px;\"><\/div><\/div><div class=\"fusion-text fusion-text-1 fusion-text-no-margin\" style=\"--awb-text-color:#091b18;--awb-margin-top:0px;--awb-margin-right:0px;--awb-margin-bottom:10px;--awb-margin-left:0px;\"><p>Gold Candle est une soci\u00e9t\u00e9 priv\u00e9e canadienne dirig\u00e9e par une \u00e9quipe diversifi\u00e9e et hautement exp\u00e9riment\u00e9e de professionnels du secteur minier.<\/p>\n<p>En 2015, la soci\u00e9t\u00e9 a acquis des concessions mini\u00e8res sur l&#8217;embl\u00e9matique mine d&rsquo;or Kerr-Addison et ses environs, dans le canton de McGarry, situ\u00e9 dans le district de Timiskaming, en Ontario.<\/p>\n<p>Notre approche de l&rsquo;exploration mini\u00e8re responsable consiste \u00e0 exercer nos activit\u00e9s de mani\u00e8re \u00e0 g\u00e9n\u00e9rer des retomb\u00e9es positives pour les communaut\u00e9s locales, nos employ\u00e9s et nos actionnaires, dans le respect des gens et de l&rsquo;environnement.<\/p>\n<\/div><div class=\"fusion-separator fusion-full-width-sep\" style=\"align-self: center;margin-left: auto;margin-right: auto;margin-top:30px;margin-bottom:10px;width:100%;\"><div class=\"fusion-separator-border sep-single sep-solid\" style=\"--awb-height:20px;--awb-amount:20px;border-color:var(--awb-color3);border-top-width:1px;\"><\/div><\/div><\/div><\/div><\/div><\/div>\n","protected":false},"excerpt":{"rendered":"","protected":false},"author":2,"featured_media":0,"parent":0,"menu_order":0,"comment_status":"closed","ping_status":"closed","template":"100-width.php","meta":{"_monsterinsights_skip_tracking":false,"_monsterinsights_sitenote_active":false,"_monsterinsights_sitenote_note":"","_monsterinsights_sitenote_category":0,"footnotes":""},"class_list":["post-92946","page","type-page","status-publish","hentry"],"aioseo_notices":[],"amp_enabled":false,"_links":{"self":[{"href":"https:\/\/goldcandle.com\/fr\/wp-json\/wp\/v2\/pages\/92946","targetHints":{"allow":["GET"]}}],"collection":[{"href":"https:\/\/goldcandle.com\/fr\/wp-json\/wp\/v2\/pages"}],"about":[{"href":"https:\/\/goldcandle.com\/fr\/wp-json\/wp\/v2\/types\/page"}],"author":[{"embeddable":true,"href":"https:\/\/goldcandle.com\/fr\/wp-json\/wp\/v2\/users\/2"}],"replies":[{"embeddable":true,"href":"https:\/\/goldcandle.com\/fr\/wp-json\/wp\/v2\/comments?post=92946"}],"version-history":[{"count":11,"href":"https:\/\/goldcandle.com\/fr\/wp-json\/wp\/v2\/pages\/92946\/revisions"}],"predecessor-version":[{"id":92967,"href":"https:\/\/goldcandle.com\/fr\/wp-json\/wp\/v2\/pages\/92946\/revisions\/92967"}],"wp:attachment":[{"href":"https:\/\/goldcandle.com\/fr\/wp-json\/wp\/v2\/media?parent=92946"}],"curies":[{"name":"wp","href":"https:\/\/api.w.org\/{rel}","templated":true}]}}