{"id":93409,"date":"2026-04-21T22:46:54","date_gmt":"2026-04-21T22:46:54","guid":{"rendered":"https:\/\/goldcandle.com\/projets\/"},"modified":"2026-04-29T15:48:45","modified_gmt":"2026-04-29T15:48:45","slug":"projets","status":"publish","type":"page","link":"https:\/\/goldcandle.com\/fr\/projets\/","title":{"rendered":"Projets"},"content":{"rendered":"<div class=\"fusion-fullwidth fullwidth-box fusion-builder-row-1 fusion-flex-container has-pattern-background has-mask-background nonhundred-percent-fullwidth non-hundred-percent-height-scrolling\" style=\"--awb-border-radius-top-left:0px;--awb-border-radius-top-right:0px;--awb-border-radius-bottom-right:0px;--awb-border-radius-bottom-left:0px;--awb-padding-top:0px;--awb-padding-bottom:100px;--awb-margin-top:0px;--awb-background-color:#ffffff;--awb-flex-wrap:wrap;\" ><div class=\"fusion-builder-row fusion-row fusion-flex-align-items-flex-start fusion-flex-content-wrap\" style=\"max-width:calc( 1200px + 80px );margin-left: calc(-80px \/ 2 );margin-right: calc(-80px \/ 2 );\"><div class=\"fusion-layout-column fusion_builder_column fusion-builder-column-0 fusion_builder_column_1_3 1_3 fusion-flex-column\" style=\"--awb-bg-size:cover;--awb-width-large:33.333333333333%;--awb-margin-top-large:0px;--awb-spacing-right-large:40px;--awb-margin-bottom-large:0px;--awb-spacing-left-large:40px;--awb-width-medium:33.333333333333%;--awb-order-medium:0;--awb-spacing-right-medium:40px;--awb-spacing-left-medium:40px;--awb-width-small:100%;--awb-order-small:0;--awb-spacing-right-small:40px;--awb-spacing-left-small:40px;\"><div class=\"fusion-column-wrapper fusion-column-has-shadow fusion-flex-justify-content-flex-start fusion-content-layout-column\"><div class=\"fusion-builder-row fusion-builder-row-inner fusion-row fusion-flex-align-items-flex-start fusion-flex-content-wrap\" style=\"--awb-flex-grow:0;--awb-flex-grow-medium:0;--awb-flex-grow-small:0;--awb-flex-shrink:0;--awb-flex-shrink-medium:0;--awb-flex-shrink-small:0;width:calc( 100% + 80px ) !important;max-width:calc( 100% + 80px ) !important;margin-left: calc(-80px \/ 2 );margin-right: calc(-80px \/ 2 );\"><div class=\"fusion-layout-column fusion_builder_column_inner fusion-builder-nested-column-0 fusion_builder_column_inner_1_1 1_1 fusion-flex-column\" style=\"--awb-z-index:1;--awb-z-index-hover:1;--awb-padding-top:20px;--awb-padding-right:45px;--awb-padding-bottom:65px;--awb-padding-left:45px;--awb-overflow:hidden;--awb-bg-color:#f2f2f2;--awb-bg-color-hover:#f2f2f2;--awb-bg-size:cover;--awb-border-radius:12px 12px 12px 12px;--awb-transform:translateY(55px);--awb-transform-hover:translateY(0px);--awb-width-large:100%;--awb-margin-top-large:0px;--awb-spacing-right-large:40px;--awb-margin-bottom-large:0px;--awb-spacing-left-large:40px;--awb-width-medium:100%;--awb-order-medium:0;--awb-spacing-right-medium:40px;--awb-spacing-left-medium:40px;--awb-width-small:100%;--awb-order-small:0;--awb-spacing-right-small:40px;--awb-spacing-left-small:40px;\" data-scroll-devices=\"small-visibility,medium-visibility,large-visibility\"><div class=\"fusion-column-wrapper fusion-column-has-shadow fusion-flex-justify-content-flex-start fusion-content-layout-column\"><div class=\"fusion-title title fusion-title-1 fusion-sep-none fusion-title-text fusion-title-size-four\" style=\"--awb-text-color:#22253d;--awb-margin-top:35px;--awb-margin-top-small:10px;--awb-margin-right-small:0px;--awb-margin-bottom-small:10px;--awb-margin-left-small:0px;--awb-font-size:24px;\"><h4 class=\"fusion-title-heading title-heading-left fusion-responsive-typography-calculated\" style=\"margin:0;letter-spacing:-0.015em;text-transform:var(--awb-typography1-text-transform);font-size:1em;--fontSize:24;line-height:1.2;\">Kerr-Addison<\/h4><\/div><div class=\"fusion-text fusion-text-1 fusion-text-no-margin\" style=\"--awb-font-size:17px;--awb-line-height:1.8;--awb-letter-spacing:-0.015em;--awb-text-transform:var(--awb-typography4-text-transform);--awb-text-color:#22253d;--awb-margin-bottom:20px;\"><p>Gold Candle a estim\u00e9 \u00e0 3,3\u00a0millions d\u2019onces de ressources aurif\u00e8res indiqu\u00e9es et \u00e0 2,3\u00a0millions d\u2019onces de ressources aurif\u00e8res pr\u00e9sum\u00e9es le potentiel de l\u2019ancienne mine Kerr-Addison, situ\u00e9e dans le Nord-Est de l\u2019Ontario, \u00e0 environ 650\u00a0km de Toronto, au Canada. Cette mine, qui fait partie de la prolifique ceinture aurif\u00e8re de l\u2019Abitibi s\u2019\u00e9tendant vers l\u2019est jusqu\u2019au Qu\u00e9bec, a historiquement produit 11\u00a0millions d\u2019onces d\u2019or \u00e0 une teneur moyenne de 9\u00a0g\/t. Elle b\u00e9n\u00e9ficie d\u2019excellentes infrastructures, notamment d\u2019un acc\u00e8s routier, ferroviaire et a\u00e9rien, et est entour\u00e9e d\u2019autres centres miniers et mines d\u2019or en exploitation.<\/p>\n<\/div><div style=\"text-align:left;\"><a class=\"fusion-button button-flat button-xlarge button-custom fusion-button-default button-1 fusion-button-default-span fusion-button-default-type\" style=\"--button_accent_color:var(--awb-color1);--button_accent_hover_color:var(--awb-color1);--button_border_hover_color:var(--awb-color4);--button-border-radius-top-left:0;--button-border-radius-top-right:0;--button-border-radius-bottom-right:0;--button-border-radius-bottom-left:0;--button_gradient_top_color:var(--awb-color4);--button_gradient_bottom_color:var(--awb-color4);--button_gradient_top_color_hover:var(--awb-color8);--button_gradient_bottom_color_hover:var(--awb-color8);--button_typography-font-family:&quot;Public Sans&quot;;--button_typography-font-style:normal;--button_typography-font-weight:400;\" target=\"_self\" href=\"https:\/\/goldcandle.com\/kerr-addison-apercu\/\"><span class=\"fusion-button-text awb-button__text awb-button__text--default\">Lire la suite<\/span><\/a><\/div><\/div><\/div><\/div><\/div><\/div><div class=\"fusion-layout-column fusion_builder_column fusion-builder-column-1 fusion_builder_column_1_3 1_3 fusion-flex-column\" style=\"--awb-bg-size:cover;--awb-width-large:33.333333333333%;--awb-margin-top-large:0px;--awb-spacing-right-large:40px;--awb-margin-bottom-large:0px;--awb-spacing-left-large:40px;--awb-width-medium:33.333333333333%;--awb-order-medium:0;--awb-spacing-right-medium:40px;--awb-spacing-left-medium:40px;--awb-width-small:100%;--awb-order-small:0;--awb-spacing-right-small:40px;--awb-spacing-left-small:40px;\"><div class=\"fusion-column-wrapper fusion-column-has-shadow fusion-flex-justify-content-flex-start fusion-content-layout-column\"><div class=\"fusion-builder-row fusion-builder-row-inner fusion-row fusion-flex-align-items-flex-start fusion-flex-content-wrap\" style=\"--awb-flex-grow:0;--awb-flex-grow-medium:0;--awb-flex-grow-small:0;--awb-flex-shrink:0;--awb-flex-shrink-medium:0;--awb-flex-shrink-small:0;width:calc( 100% + 80px ) !important;max-width:calc( 100% + 80px ) !important;margin-left: calc(-80px \/ 2 );margin-right: calc(-80px \/ 2 );\"><div class=\"fusion-layout-column fusion_builder_column_inner fusion-builder-nested-column-1 fusion_builder_column_inner_1_1 1_1 fusion-flex-column\" style=\"--awb-z-index:1;--awb-z-index-hover:1;--awb-padding-top:10px;--awb-padding-right:45px;--awb-padding-bottom:65px;--awb-padding-left:45px;--awb-overflow:hidden;--awb-bg-color:#f2f2f2;--awb-bg-color-hover:#f2f2f2;--awb-bg-size:cover;--awb-border-radius:12px 12px 12px 12px;--awb-transform:translateY(55px);--awb-transform-hover:translateY(0px);--awb-width-large:100%;--awb-margin-top-large:0px;--awb-spacing-right-large:40px;--awb-margin-bottom-large:0px;--awb-spacing-left-large:40px;--awb-width-medium:100%;--awb-order-medium:0;--awb-spacing-right-medium:40px;--awb-spacing-left-medium:40px;--awb-width-small:100%;--awb-order-small:0;--awb-spacing-right-small:40px;--awb-spacing-left-small:40px;\" data-scroll-devices=\"small-visibility,medium-visibility,large-visibility\"><div class=\"fusion-column-wrapper fusion-column-has-shadow fusion-flex-justify-content-flex-start fusion-content-layout-column\"><div class=\"fusion-title title fusion-title-2 fusion-sep-none fusion-title-text fusion-title-size-four\" style=\"--awb-text-color:#22253d;--awb-margin-top:35px;--awb-margin-top-small:10px;--awb-margin-right-small:0px;--awb-margin-bottom-small:10px;--awb-margin-left-small:0px;--awb-font-size:24px;\"><h4 class=\"fusion-title-heading title-heading-left fusion-responsive-typography-calculated\" style=\"margin:0;letter-spacing:-0.015em;text-transform:var(--awb-typography1-text-transform);font-size:1em;--fontSize:24;line-height:1.2;\"><strong>Geminid<\/strong><\/h4><\/div><div class=\"fusion-text fusion-text-2 fusion-text-no-margin\" style=\"--awb-font-size:17px;--awb-line-height:1.8;--awb-letter-spacing:-0.015em;--awb-text-transform:var(--awb-typography4-text-transform);--awb-text-color:#22253d;--awb-margin-bottom:20px;\"><p>Le gisement de Geminid a \u00e9t\u00e9 d\u00e9couvert en mai\u00a02023 lors de la premi\u00e8re campagne de forage d\u2019exploration r\u00e9gionale men\u00e9e par Gold Candle. Le programme de forage visait \u00e0 prospecter environ 3,5\u00a0km de la faille Larder\u00a0Lake-Cadillac, \u00e0 l\u2019est de l\u2019historique mine d\u2019or Kerr-Addison. Le forage exploratoire a recoup\u00e9 une section d\u2019une largeur de 23\u00a0m de min\u00e9ralisation de mill\u00e9rite dans une roche h\u00f4te ultramafique. Les r\u00e9sultats d\u2019analyse de ce recoupement ont donn\u00e9 une teneur moyenne de nickel de 1,9\u00a0% sur une longueur de carotte de 23\u00a0m. Apr\u00e8s confirmation de la min\u00e9ralisation de nickel, un programme de forage de suivi comprenant 6\u00a0trous de forage, espac\u00e9s de 75\u00a0m \u00e0 100\u00a0m, a \u00e9t\u00e9 r\u00e9alis\u00e9.<\/p>\n<\/div><div style=\"text-align:left;\"><a class=\"fusion-button button-flat button-xlarge button-custom fusion-button-default button-2 fusion-button-default-span fusion-button-default-type\" style=\"--button_accent_color:var(--awb-color1);--button_accent_hover_color:var(--awb-color1);--button_border_hover_color:var(--awb-color4);--button-border-radius-top-left:0;--button-border-radius-top-right:0;--button-border-radius-bottom-right:0;--button-border-radius-bottom-left:0;--button_gradient_top_color:var(--awb-color4);--button_gradient_bottom_color:var(--awb-color4);--button_gradient_top_color_hover:var(--awb-color8);--button_gradient_bottom_color_hover:var(--awb-color8);--button_typography-font-family:&quot;Public Sans&quot;;--button_typography-font-style:normal;--button_typography-font-weight:400;\" target=\"_self\" href=\"https:\/\/goldcandle.com\/apercu\/\"><span class=\"fusion-button-text awb-button__text awb-button__text--default\">Lire la suite<\/span><\/a><\/div><\/div><\/div><\/div><\/div><\/div><div class=\"fusion-layout-column fusion_builder_column fusion-builder-column-2 fusion_builder_column_1_3 1_3 fusion-flex-column\" style=\"--awb-bg-size:cover;--awb-width-large:33.333333333333%;--awb-margin-top-large:0px;--awb-spacing-right-large:40px;--awb-margin-bottom-large:0px;--awb-spacing-left-large:40px;--awb-width-medium:33.333333333333%;--awb-order-medium:0;--awb-spacing-right-medium:40px;--awb-spacing-left-medium:40px;--awb-width-small:100%;--awb-order-small:0;--awb-spacing-right-small:40px;--awb-spacing-left-small:40px;\"><div class=\"fusion-column-wrapper fusion-column-has-shadow fusion-flex-justify-content-flex-start fusion-content-layout-column\"><div class=\"fusion-builder-row fusion-builder-row-inner fusion-row fusion-flex-align-items-flex-start fusion-flex-content-wrap\" style=\"--awb-flex-grow:0;--awb-flex-grow-medium:0;--awb-flex-grow-small:0;--awb-flex-shrink:0;--awb-flex-shrink-medium:0;--awb-flex-shrink-small:0;width:calc( 100% + 80px ) !important;max-width:calc( 100% + 80px ) !important;margin-left: calc(-80px \/ 2 );margin-right: calc(-80px \/ 2 );\"><div class=\"fusion-layout-column fusion_builder_column_inner fusion-builder-nested-column-2 fusion_builder_column_inner_1_1 1_1 fusion-flex-column\" style=\"--awb-z-index:1;--awb-z-index-hover:1;--awb-padding-top:10px;--awb-padding-right:45px;--awb-padding-bottom:65px;--awb-padding-left:45px;--awb-overflow:hidden;--awb-bg-color:#f2f2f2;--awb-bg-color-hover:#f2f2f2;--awb-bg-size:cover;--awb-border-radius:12px 12px 12px 12px;--awb-transform:translateY(55px);--awb-transform-hover:translateY(0px);--awb-width-large:100%;--awb-margin-top-large:0px;--awb-spacing-right-large:40px;--awb-margin-bottom-large:0px;--awb-spacing-left-large:40px;--awb-width-medium:100%;--awb-order-medium:0;--awb-spacing-right-medium:40px;--awb-spacing-left-medium:40px;--awb-width-small:100%;--awb-order-small:0;--awb-spacing-right-small:40px;--awb-spacing-left-small:40px;\" data-scroll-devices=\"small-visibility,medium-visibility,large-visibility\"><div class=\"fusion-column-wrapper fusion-column-has-shadow fusion-flex-justify-content-flex-start fusion-content-layout-column\"><div class=\"fusion-title title fusion-title-3 fusion-sep-none fusion-title-text fusion-title-size-four\" style=\"--awb-text-color:#22253d;--awb-margin-top:35px;--awb-margin-top-small:10px;--awb-margin-right-small:0px;--awb-margin-bottom-small:10px;--awb-margin-left-small:0px;--awb-font-size:24px;\"><h4 class=\"fusion-title-heading title-heading-left fusion-responsive-typography-calculated\" style=\"margin:0;letter-spacing:-0.015em;text-transform:var(--awb-typography1-text-transform);font-size:1em;--fontSize:24;line-height:1.2;\">Galloway<\/h4><\/div><div class=\"fusion-text fusion-text-3 fusion-text-no-margin\" style=\"--awb-font-size:17px;--awb-line-height:1.8;--awb-letter-spacing:-0.015em;--awb-text-transform:var(--awb-typography4-text-transform);--awb-text-color:#22253d;--awb-margin-bottom:20px;\"><p>Le projet Galloway est situ\u00e9 en Abitibi, au Qu\u00e9bec, le long de la faille Cadillac-Larder Lake, l\u2019une des structures aurif\u00e8res les plus prolifiques au monde. Il couvre 2\u00a0926\u00a0ha et s\u2019\u00e9tend sur un corridor de 10\u00a0km de structures aurif\u00e8res, pr\u00e8s de Rouyn-Noranda et de Val-d\u2019Or. Les travaux d\u2019exploration ont permis de d\u00e9limiter plusieurs zones au sein du \u00ab\u00a0triangle d\u2019or\u00a0\u00bb, dont GP-RB et Hendrick, qui pr\u00e9sentent un potentiel aurif\u00e8re \u00e0 haute teneur pr\u00e8s de la surface. Depuis 2020, plus de 40\u00a0000\u00a0m ont \u00e9t\u00e9 for\u00e9s, soutenus par des travaux d&rsquo;exploration totalisant plus de 7\u00a0millions\u00a0$, et une \u00e9valuation des ressources effectu\u00e9e en 2023 a confirm\u00e9 la pr\u00e9sence d\u2019une min\u00e9ralisation aurif\u00e8re pr\u00e8s de la surface.<\/p>\n<\/div><div style=\"text-align:left;\"><a class=\"fusion-button button-flat button-xlarge button-custom fusion-button-default button-3 fusion-button-default-span fusion-button-default-type\" style=\"--button_accent_color:var(--awb-color1);--button_accent_hover_color:var(--awb-color1);--button_border_hover_color:var(--awb-color4);--button-border-radius-top-left:0;--button-border-radius-top-right:0;--button-border-radius-bottom-right:0;--button-border-radius-bottom-left:0;--button_gradient_top_color:var(--awb-color4);--button_gradient_bottom_color:var(--awb-color4);--button_gradient_top_color_hover:var(--awb-color8);--button_gradient_bottom_color_hover:var(--awb-color8);--button_typography-font-family:&quot;Public Sans&quot;;--button_typography-font-style:normal;--button_typography-font-weight:400;\" target=\"_self\" href=\"https:\/\/goldcandle.com\/galloway-apercu\/\"><span class=\"fusion-button-text awb-button__text awb-button__text--default\">Lire la suite<\/span><\/a><\/div><\/div><\/div><\/div><\/div><\/div><\/div><\/div>\n","protected":false},"excerpt":{"rendered":"","protected":false},"author":3,"featured_media":0,"parent":0,"menu_order":0,"comment_status":"closed","ping_status":"closed","template":"100-width.php","meta":{"_monsterinsights_skip_tracking":false,"_monsterinsights_sitenote_active":false,"_monsterinsights_sitenote_note":"","_monsterinsights_sitenote_category":0,"footnotes":""},"class_list":["post-93409","page","type-page","status-publish","hentry"],"aioseo_notices":[],"amp_enabled":true,"_links":{"self":[{"href":"https:\/\/goldcandle.com\/fr\/wp-json\/wp\/v2\/pages\/93409","targetHints":{"allow":["GET"]}}],"collection":[{"href":"https:\/\/goldcandle.com\/fr\/wp-json\/wp\/v2\/pages"}],"about":[{"href":"https:\/\/goldcandle.com\/fr\/wp-json\/wp\/v2\/types\/page"}],"author":[{"embeddable":true,"href":"https:\/\/goldcandle.com\/fr\/wp-json\/wp\/v2\/users\/3"}],"replies":[{"embeddable":true,"href":"https:\/\/goldcandle.com\/fr\/wp-json\/wp\/v2\/comments?post=93409"}],"version-history":[{"count":2,"href":"https:\/\/goldcandle.com\/fr\/wp-json\/wp\/v2\/pages\/93409\/revisions"}],"predecessor-version":[{"id":93429,"href":"https:\/\/goldcandle.com\/fr\/wp-json\/wp\/v2\/pages\/93409\/revisions\/93429"}],"wp:attachment":[{"href":"https:\/\/goldcandle.com\/fr\/wp-json\/wp\/v2\/media?parent=93409"}],"curies":[{"name":"wp","href":"https:\/\/api.w.org\/{rel}","templated":true}]}}