{"id":93430,"date":"2024-10-15T18:12:28","date_gmt":"2024-10-15T18:12:28","guid":{"rendered":"https:\/\/goldcandle.com\/exploration\/"},"modified":"2026-04-29T15:49:30","modified_gmt":"2026-04-29T15:49:30","slug":"exploration","status":"publish","type":"page","link":"https:\/\/goldcandle.com\/fr\/geminid\/exploration\/","title":{"rendered":"Exploration"},"content":{"rendered":"<div class=\"fusion-fullwidth fullwidth-box fusion-builder-row-1 fusion-flex-container has-pattern-background has-mask-background nonhundred-percent-fullwidth non-hundred-percent-height-scrolling\" style=\"--link_hover_color: var(--awb-color5);--link_color: var(--awb-color5);--awb-background-position:right top;--awb-background-blend-mode:overlay;--awb-border-color:var(--awb-color1);--awb-border-radius-top-left:0px;--awb-border-radius-top-right:0px;--awb-border-radius-bottom-right:0px;--awb-border-radius-bottom-left:0px;--awb-padding-top:0px;--awb-padding-bottom:120px;--awb-padding-top-medium:0px;--awb-padding-bottom-medium:90px;--awb-padding-top-small:0px;--awb-padding-bottom-small:80px;--awb-margin-bottom-medium:0px;--awb-background-color:var(--awb-color1);--awb-flex-wrap:wrap;\" ><div class=\"fusion-builder-row fusion-row fusion-flex-align-items-center fusion-flex-content-wrap\" style=\"max-width:calc( 1200px + 80px );margin-left: calc(-80px \/ 2 );margin-right: calc(-80px \/ 2 );\"><div class=\"fusion-layout-column fusion_builder_column fusion-builder-column-0 fusion_builder_column_1_1 1_1 fusion-flex-column fusion-animated\" style=\"--awb-padding-bottom-medium:0px;--awb-bg-size:cover;--awb-width-large:100%;--awb-margin-top-large:0px;--awb-spacing-right-large:calc( 0.0192 * calc( 100% - 80px ) );--awb-margin-bottom-large:0px;--awb-spacing-left-large:40px;--awb-width-medium:50%;--awb-order-medium:0;--awb-spacing-right-medium:calc( 0.0384 * calc( 100% - 80px ) );--awb-spacing-left-medium:40px;--awb-width-small:100%;--awb-order-small:1;--awb-spacing-right-small:calc( 0.0192 * calc( 100% - 80px ) );--awb-spacing-left-small:40px;\" data-animationType=\"fadeInLeft\" data-animationDuration=\"1.3\" data-animationOffset=\"top-into-view\" data-scroll-devices=\"small-visibility,medium-visibility,large-visibility\"><div class=\"fusion-column-wrapper fusion-column-has-shadow fusion-flex-justify-content-flex-start fusion-content-layout-column\"><div class=\"fusion-text fusion-text-1 fusion-text-no-margin\" style=\"--awb-margin-top:0px;--awb-margin-right:0px;--awb-margin-bottom:10px;--awb-margin-left:0px;\"><h3>Plans g\u00e9n\u00e9raux et futurs<\/h3>\n<p data-start=\"207\" data-end=\"590\">\u00c0 la fin du programme de forage de 2023, un lev\u00e9 g\u00e9ophysique \u00e9lectromagn\u00e9tique tridimensionnel a permis de mettre en \u00e9vidence plusieurs nappes conductrices \u00e0 l\u2019int\u00e9rieur et \u00e0 l\u2019ext\u00e9rieur du trou de forage. Un deuxi\u00e8me lev\u00e9 \u00e9lectromagn\u00e9tique tridimensionnel a \u00e9t\u00e9 r\u00e9alis\u00e9 au deuxi\u00e8me trimestre de 2024. Gold Candle a poursuivi ses forages d\u2019exploration dans la zone Geminid en 2024. \u00c0 l\u2019heure actuelle, elle pr\u00e9pare cette zone en vue d\u2019une premi\u00e8re estimation des ressources, qui comprendra notamment un lev\u00e9 topographique lidar par drone, une mod\u00e9lisation g\u00e9ologique et une s\u00e9rie d\u2019essais m\u00e9tallurgiques composites. Gold Candle entend poursuivre les forages d\u2019extension et effectuer des lev\u00e9s g\u00e9ophysiques suppl\u00e9mentaires.<\/p>\n<\/div><\/div><\/div><\/div><\/div>\n","protected":false},"excerpt":{"rendered":"","protected":false},"author":3,"featured_media":0,"parent":93456,"menu_order":0,"comment_status":"closed","ping_status":"closed","template":"","meta":{"_monsterinsights_skip_tracking":false,"_monsterinsights_sitenote_active":false,"_monsterinsights_sitenote_note":"","_monsterinsights_sitenote_category":0,"footnotes":""},"class_list":["post-93430","page","type-page","status-publish","hentry"],"aioseo_notices":[],"amp_enabled":true,"_links":{"self":[{"href":"https:\/\/goldcandle.com\/fr\/wp-json\/wp\/v2\/pages\/93430","targetHints":{"allow":["GET"]}}],"collection":[{"href":"https:\/\/goldcandle.com\/fr\/wp-json\/wp\/v2\/pages"}],"about":[{"href":"https:\/\/goldcandle.com\/fr\/wp-json\/wp\/v2\/types\/page"}],"author":[{"embeddable":true,"href":"https:\/\/goldcandle.com\/fr\/wp-json\/wp\/v2\/users\/3"}],"replies":[{"embeddable":true,"href":"https:\/\/goldcandle.com\/fr\/wp-json\/wp\/v2\/comments?post=93430"}],"version-history":[{"count":10,"href":"https:\/\/goldcandle.com\/fr\/wp-json\/wp\/v2\/pages\/93430\/revisions"}],"predecessor-version":[{"id":93558,"href":"https:\/\/goldcandle.com\/fr\/wp-json\/wp\/v2\/pages\/93430\/revisions\/93558"}],"up":[{"embeddable":true,"href":"https:\/\/goldcandle.com\/fr\/wp-json\/wp\/v2\/pages\/93456"}],"wp:attachment":[{"href":"https:\/\/goldcandle.com\/fr\/wp-json\/wp\/v2\/media?parent=93430"}],"curies":[{"name":"wp","href":"https:\/\/api.w.org\/{rel}","templated":true}]}}