{"id":93453,"date":"2026-04-14T15:52:55","date_gmt":"2026-04-14T15:52:55","guid":{"rendered":"https:\/\/goldcandle.com\/apercu-du-projet-galloway\/"},"modified":"2026-04-29T15:49:29","modified_gmt":"2026-04-29T15:49:29","slug":"apercu-du-projet-galloway","status":"publish","type":"page","link":"https:\/\/goldcandle.com\/fr\/apercu-du-projet-galloway\/","title":{"rendered":"Aper\u00e7u du projet Galloway"},"content":{"rendered":"<p><div class=\"fusion-fullwidth fullwidth-box fusion-builder-row-1 fusion-flex-container has-pattern-background has-mask-background nonhundred-percent-fullwidth non-hundred-percent-height-scrolling\" style=\"--awb-border-radius-top-left:0px;--awb-border-radius-top-right:0px;--awb-border-radius-bottom-right:0px;--awb-border-radius-bottom-left:0px;--awb-flex-wrap:wrap;\" ><div class=\"fusion-builder-row fusion-row fusion-flex-align-items-flex-start fusion-flex-content-wrap\" style=\"max-width:calc( 1200px + 80px );margin-left: calc(-80px \/ 2 );margin-right: calc(-80px \/ 2 );\"><div class=\"fusion-layout-column fusion_builder_column fusion-builder-column-0 fusion_builder_column_1_2 1_2 fusion-flex-column fusion-animated\" style=\"--awb-bg-size:cover;--awb-width-large:50%;--awb-margin-top-large:0px;--awb-spacing-right-large:40px;--awb-margin-bottom-large:20px;--awb-spacing-left-large:40px;--awb-width-medium:50%;--awb-order-medium:0;--awb-spacing-right-medium:40px;--awb-spacing-left-medium:40px;--awb-width-small:100%;--awb-order-small:0;--awb-spacing-right-small:40px;--awb-spacing-left-small:40px;\" data-animationType=\"fadeInDown\" data-animationDuration=\"1.3\" data-animationDelay=\"0.1\" data-animationOffset=\"top-into-view\" data-scroll-devices=\"small-visibility,medium-visibility,large-visibility\"><div class=\"fusion-column-wrapper fusion-column-has-shadow fusion-flex-justify-content-flex-start fusion-content-layout-column\"><div class=\"fusion-text fusion-text-1\"><h3>D\u00e9couverte<\/h3>\n<p>Le projet aurif\u00e8re Galloway a progress\u00e9 gr\u00e2ce \u00e0 une exploration syst\u00e9matique men\u00e9e le long d\u2019un corridor de 10\u00a0km de structures aurif\u00e8res situ\u00e9 sur la <span class=\"hover:entity-accent entity-underline inline cursor-pointer align-baseline\"><span class=\"whitespace-normal\">faille Cadillac-Larder Lake<\/span><\/span>, dans la r\u00e9gion de l\u2019Abitibi, au Qu\u00e9bec. Les travaux d\u2019exploration se sont concentr\u00e9s sur le \u00ab\u00a0triangle d\u2019or\u00a0\u00bb, o\u00f9 plusieurs zones, dont GP-RB et Hendrick, pr\u00e9sentent un potentiel aurif\u00e8re \u00e0 haute teneur pr\u00e8s de la surface. Depuis 2020, plus de 40\u00a0000\u00a0m ont \u00e9t\u00e9 for\u00e9s, soutenus par des travaux d\u2019exploration totalisant plus de 7\u00a0millions\u00a0$. Une estimation des ressources min\u00e9rales publi\u00e9e en 2023 a confirm\u00e9 la pr\u00e9sence d\u2019une min\u00e9ralisation aurif\u00e8re pr\u00e8s de la surface et jette les bases d\u2019une expansion continue.<\/p>\n<\/div><\/div><\/div><div class=\"fusion-layout-column fusion_builder_column fusion-builder-column-1 fusion_builder_column_1_2 1_2 fusion-flex-column fusion-animated\" style=\"--awb-bg-size:cover;--awb-width-large:50%;--awb-margin-top-large:0px;--awb-spacing-right-large:40px;--awb-margin-bottom-large:20px;--awb-spacing-left-large:40px;--awb-width-medium:50%;--awb-order-medium:0;--awb-spacing-right-medium:40px;--awb-spacing-left-medium:40px;--awb-width-small:100%;--awb-order-small:0;--awb-spacing-right-small:40px;--awb-spacing-left-small:40px;\" data-animationType=\"fadeInDown\" data-animationDuration=\"1.3\" data-animationDelay=\"0.1\" data-animationOffset=\"top-into-view\" data-scroll-devices=\"small-visibility,medium-visibility,large-visibility\"><div class=\"fusion-column-wrapper fusion-column-has-shadow fusion-flex-justify-content-flex-start fusion-content-layout-column\"><div class=\"fusion-text fusion-text-2\"><h3>Situation g\u00e9ographique et g\u00e9ologie<\/h3>\n<p data-start=\"942\" data-end=\"1546\">La propri\u00e9t\u00e9 Galloway comprend 3\u00a0concessions mini\u00e8res et 96\u00a0droits exclusifs d\u2019explorations couvrant 2926\u00a0ha. Elle est situ\u00e9e pr\u00e8s de Rouyn-Noranda et de Val-d\u2019Or, dans un district minier bien \u00e9tabli ayant produit plus de 100\u00a0millions d\u2019onces d\u2019or. Le projet s\u2019\u00e9tend sur un corridor structurel d\u2019une largeur de 3\u00a0km au sein de la ceinture de roches vertes de l\u2019Abitibi. La min\u00e9ralisation aurif\u00e8re est associ\u00e9e \u00e0 des intrusions de sy\u00e9nite et \u00e0 des zones contr\u00f4l\u00e9es structurellement, un contexte commun aux principaux gisements de la r\u00e9gion. Des programmes g\u00e9ophysiques et g\u00e9ochimiques ont permis d\u2019identifier de multiples cibles le long du corridor, ce qui confirme le potentiel de nouvelles d\u00e9couvertes.<\/p>\n<\/div><\/div><\/div><\/div><\/div><div class=\"fusion-fullwidth fullwidth-box fusion-builder-row-2 fusion-flex-container has-pattern-background has-mask-background hundred-percent-fullwidth non-hundred-percent-height-scrolling\" style=\"--awb-border-radius-top-left:0px;--awb-border-radius-top-right:0px;--awb-border-radius-bottom-right:0px;--awb-border-radius-bottom-left:0px;--awb-padding-right:0px;--awb-padding-left:0px;--awb-margin-bottom:0%;--awb-flex-wrap:wrap;\" ><div class=\"fusion-builder-row fusion-row fusion-flex-align-items-stretch fusion-flex-justify-content-center fusion-flex-content-wrap\" style=\"width:calc( 100% + 80px ) !important;max-width:calc( 100% + 80px ) !important;margin-left: calc(-80px \/ 2 );margin-right: calc(-80px \/ 2 );\"><div class=\"fusion-layout-column fusion_builder_column fusion-builder-column-2 fusion_builder_column_1_1 1_1 fusion-flex-column fusion-flex-align-self-stretch\" style=\"--awb-bg-size:cover;--awb-width-large:100%;--awb-margin-top-large:0px;--awb-spacing-right-large:40px;--awb-margin-bottom-large:20px;--awb-spacing-left-large:40px;--awb-width-medium:100%;--awb-order-medium:0;--awb-spacing-right-medium:40px;--awb-spacing-left-medium:40px;--awb-width-small:100%;--awb-order-small:0;--awb-spacing-right-small:40px;--awb-spacing-left-small:40px;\" data-scroll-devices=\"small-visibility,medium-visibility,large-visibility\"><div class=\"fusion-column-wrapper fusion-column-has-shadow fusion-flex-justify-content-space-evenly fusion-content-layout-column\"><script src=\"https:\/\/vrify.com\/embed.min.js\"><\/script>\n<iframe id=\"vrify-iframe\" width=\"100%\" style=\"aspect-ratio: 16 \/ 9; min-height: 500px\" frameborder=\"0\" allowfullscreen=\"true\" allow=\"fullscreen\" src=\"https:\/\/vrify.com\/embed\/decks\/f93d4bfd-4b9f-4144-98c4-c80011b51eff\"><\/iframe><\/div><\/div><\/div><\/div><\/p>\n","protected":false},"excerpt":{"rendered":"","protected":false},"author":3,"featured_media":0,"parent":0,"menu_order":0,"comment_status":"closed","ping_status":"closed","template":"100-width.php","meta":{"_monsterinsights_skip_tracking":false,"_monsterinsights_sitenote_active":false,"_monsterinsights_sitenote_note":"","_monsterinsights_sitenote_category":0,"footnotes":""},"class_list":["post-93453","page","type-page","status-publish","hentry"],"aioseo_notices":[],"amp_enabled":true,"_links":{"self":[{"href":"https:\/\/goldcandle.com\/fr\/wp-json\/wp\/v2\/pages\/93453","targetHints":{"allow":["GET"]}}],"collection":[{"href":"https:\/\/goldcandle.com\/fr\/wp-json\/wp\/v2\/pages"}],"about":[{"href":"https:\/\/goldcandle.com\/fr\/wp-json\/wp\/v2\/types\/page"}],"author":[{"embeddable":true,"href":"https:\/\/goldcandle.com\/fr\/wp-json\/wp\/v2\/users\/3"}],"replies":[{"embeddable":true,"href":"https:\/\/goldcandle.com\/fr\/wp-json\/wp\/v2\/comments?post=93453"}],"version-history":[{"count":8,"href":"https:\/\/goldcandle.com\/fr\/wp-json\/wp\/v2\/pages\/93453\/revisions"}],"predecessor-version":[{"id":93552,"href":"https:\/\/goldcandle.com\/fr\/wp-json\/wp\/v2\/pages\/93453\/revisions\/93552"}],"wp:attachment":[{"href":"https:\/\/goldcandle.com\/fr\/wp-json\/wp\/v2\/media?parent=93453"}],"curies":[{"name":"wp","href":"https:\/\/api.w.org\/{rel}","templated":true}]}}