{"id":93456,"date":"2024-10-15T18:11:58","date_gmt":"2024-10-15T18:11:58","guid":{"rendered":"https:\/\/goldcandle.com\/geminid\/"},"modified":"2026-04-29T15:49:30","modified_gmt":"2026-04-29T15:49:30","slug":"geminid","status":"publish","type":"page","link":"https:\/\/goldcandle.com\/fr\/geminid\/","title":{"rendered":"Geminid"},"content":{"rendered":"<p><div class=\"fusion-fullwidth fullwidth-box fusion-builder-row-1 fusion-flex-container has-pattern-background has-mask-background nonhundred-percent-fullwidth non-hundred-percent-height-scrolling\" style=\"--awb-border-radius-top-left:0px;--awb-border-radius-top-right:0px;--awb-border-radius-bottom-right:0px;--awb-border-radius-bottom-left:0px;--awb-flex-wrap:wrap;\" ><div class=\"fusion-builder-row fusion-row fusion-flex-align-items-flex-start fusion-flex-content-wrap\" style=\"max-width:calc( 1200px + 80px );margin-left: calc(-80px \/ 2 );margin-right: calc(-80px \/ 2 );\"><div class=\"fusion-layout-column fusion_builder_column fusion-builder-column-0 fusion_builder_column_1_2 1_2 fusion-flex-column fusion-animated\" style=\"--awb-bg-size:cover;--awb-width-large:50%;--awb-margin-top-large:0px;--awb-spacing-right-large:40px;--awb-margin-bottom-large:20px;--awb-spacing-left-large:40px;--awb-width-medium:50%;--awb-order-medium:0;--awb-spacing-right-medium:40px;--awb-spacing-left-medium:40px;--awb-width-small:100%;--awb-order-small:0;--awb-spacing-right-small:40px;--awb-spacing-left-small:40px;\" data-animationType=\"fadeInDown\" data-animationDuration=\"1.3\" data-animationDelay=\"0.1\" data-animationOffset=\"top-into-view\" data-scroll-devices=\"small-visibility,medium-visibility,large-visibility\"><div class=\"fusion-column-wrapper fusion-column-has-shadow fusion-flex-justify-content-flex-start fusion-content-layout-column\"><div class=\"fusion-text fusion-text-1\"><h3>D\u00e9couverte<\/h3>\n<p>Le gisement de Geminid a \u00e9t\u00e9 d\u00e9couvert en mai\u00a02023 lors de la premi\u00e8re campagne de forage d\u2019exploration r\u00e9gionale men\u00e9e par Gold Candle. Le programme de forage visait \u00e0 prospecter environ 3,5\u00a0km de la faille Larder\u00a0Lake-Cadillac, \u00e0 l\u2019est de l\u2019ancienne mine d\u2019or Kerr-Addison. Le forage exploratoire a recoup\u00e9 une section d\u2019une largeur de 23\u00a0m de min\u00e9ralisation de mill\u00e9rite dans une roche h\u00f4te ultramafique. Les r\u00e9sultats d\u2019analyse de ce recoupement ont donn\u00e9 une teneur moyenne de nickel de 1,9\u00a0% sur une longueur de carotte de 23\u00a0m. Apr\u00e8s confirmation de la min\u00e9ralisation de nickel, un programme de forage de suivi comprenant 6\u00a0trous de forage, espac\u00e9s de 75\u00a0m \u00e0 100\u00a0m, a \u00e9t\u00e9 r\u00e9alis\u00e9.<\/p>\n<\/div><\/div><\/div><div class=\"fusion-layout-column fusion_builder_column fusion-builder-column-1 fusion_builder_column_1_2 1_2 fusion-flex-column fusion-animated\" style=\"--awb-bg-size:cover;--awb-width-large:50%;--awb-margin-top-large:0px;--awb-spacing-right-large:40px;--awb-margin-bottom-large:20px;--awb-spacing-left-large:40px;--awb-width-medium:50%;--awb-order-medium:0;--awb-spacing-right-medium:40px;--awb-spacing-left-medium:40px;--awb-width-small:100%;--awb-order-small:0;--awb-spacing-right-small:40px;--awb-spacing-left-small:40px;\" data-animationType=\"fadeInDown\" data-animationDuration=\"1.3\" data-animationDelay=\"0.1\" data-animationOffset=\"top-into-view\" data-scroll-devices=\"small-visibility,medium-visibility,large-visibility\"><div class=\"fusion-column-wrapper fusion-column-has-shadow fusion-flex-justify-content-flex-start fusion-content-layout-column\"><div class=\"fusion-text fusion-text-2\"><h3>Situation g\u00e9ographique et g\u00e9ologie<\/h3>\n<p>Avant de proc\u00e9der au forage, Gold Candle a r\u00e9alis\u00e9 un lev\u00e9 magn\u00e9tique par drone sur son terrain sur une longueur de 5\u00a0km entre l\u2019ancienne mine Kerr-Addison et la fronti\u00e8re du Qu\u00e9bec. Ce lev\u00e9 a permis de rep\u00e9rer un contact g\u00e9ologique cl\u00e9 entre les s\u00e9diments \u00e0 faible magn\u00e9tisme de Timiskaming et les roches ultramafiques \u00e0 fort magn\u00e9tisme du groupe de Larder Lake. Le forage a recoup\u00e9 100\u00a0m de couverture avant d\u2019atteindre les roches pliss\u00e9es de Timiskaming. Au contact sud net avec les roches de Larder Lake, une min\u00e9ralisation riche en mill\u00e9rite est pr\u00e9sente dans des veines de quartz d\u00e9form\u00e9es. Le gisement suit un corridor orient\u00e9 vers le nord-est avec une continuit\u00e9 verticale de 130\u00a0m \u00e0 700\u00a0m.<\/p>\n<\/div><\/div><\/div><\/div><\/div><div class=\"fusion-fullwidth fullwidth-box fusion-builder-row-2 fusion-flex-container has-pattern-background has-mask-background hundred-percent-fullwidth non-hundred-percent-height-scrolling\" style=\"--awb-border-radius-top-left:0px;--awb-border-radius-top-right:0px;--awb-border-radius-bottom-right:0px;--awb-border-radius-bottom-left:0px;--awb-padding-right:0px;--awb-padding-left:0px;--awb-margin-bottom:0%;--awb-flex-wrap:wrap;\" ><div class=\"fusion-builder-row fusion-row fusion-flex-align-items-stretch fusion-flex-justify-content-center fusion-flex-content-wrap\" style=\"width:calc( 100% + 80px ) !important;max-width:calc( 100% + 80px ) !important;margin-left: calc(-80px \/ 2 );margin-right: calc(-80px \/ 2 );\"><div class=\"fusion-layout-column fusion_builder_column fusion-builder-column-2 fusion_builder_column_1_1 1_1 fusion-flex-column fusion-flex-align-self-stretch\" style=\"--awb-bg-size:cover;--awb-width-large:100%;--awb-margin-top-large:0px;--awb-spacing-right-large:40px;--awb-margin-bottom-large:20px;--awb-spacing-left-large:40px;--awb-width-medium:100%;--awb-order-medium:0;--awb-spacing-right-medium:40px;--awb-spacing-left-medium:40px;--awb-width-small:100%;--awb-order-small:0;--awb-spacing-right-small:40px;--awb-spacing-left-small:40px;\" data-scroll-devices=\"small-visibility,medium-visibility,large-visibility\"><div class=\"fusion-column-wrapper fusion-column-has-shadow fusion-flex-justify-content-space-evenly fusion-content-layout-column\"><script src=\"https:\/\/vrify.com\/embed.min.js\"><\/script>\n<iframe id=\"vrify-iframe\" width=\"100%\" style=\"aspect-ratio: 16 \/ 9; min-height: 500px\" frameborder=\"0\" allowfullscreen=\"true\" allow=\"fullscreen\" src=\"https:\/\/vrify.com\/embed\/decks\/f93d4bfd-4b9f-4144-98c4-c80011b51eff\"><\/iframe><\/div><\/div><\/div><\/div><\/p>\n","protected":false},"excerpt":{"rendered":"","protected":false},"author":3,"featured_media":0,"parent":0,"menu_order":0,"comment_status":"closed","ping_status":"closed","template":"100-width.php","meta":{"_monsterinsights_skip_tracking":false,"_monsterinsights_sitenote_active":false,"_monsterinsights_sitenote_note":"","_monsterinsights_sitenote_category":0,"footnotes":""},"class_list":["post-93456","page","type-page","status-publish","hentry"],"aioseo_notices":[],"amp_enabled":true,"_links":{"self":[{"href":"https:\/\/goldcandle.com\/fr\/wp-json\/wp\/v2\/pages\/93456","targetHints":{"allow":["GET"]}}],"collection":[{"href":"https:\/\/goldcandle.com\/fr\/wp-json\/wp\/v2\/pages"}],"about":[{"href":"https:\/\/goldcandle.com\/fr\/wp-json\/wp\/v2\/types\/page"}],"author":[{"embeddable":true,"href":"https:\/\/goldcandle.com\/fr\/wp-json\/wp\/v2\/users\/3"}],"replies":[{"embeddable":true,"href":"https:\/\/goldcandle.com\/fr\/wp-json\/wp\/v2\/comments?post=93456"}],"version-history":[{"count":1,"href":"https:\/\/goldcandle.com\/fr\/wp-json\/wp\/v2\/pages\/93456\/revisions"}],"predecessor-version":[{"id":93464,"href":"https:\/\/goldcandle.com\/fr\/wp-json\/wp\/v2\/pages\/93456\/revisions\/93464"}],"wp:attachment":[{"href":"https:\/\/goldcandle.com\/fr\/wp-json\/wp\/v2\/media?parent=93456"}],"curies":[{"name":"wp","href":"https:\/\/api.w.org\/{rel}","templated":true}]}}