{"id":93524,"date":"2023-10-16T21:21:19","date_gmt":"2023-10-16T21:21:19","guid":{"rendered":"https:\/\/goldcandle.com\/sante-et-securite\/"},"modified":"2026-04-29T15:49:30","modified_gmt":"2026-04-29T15:49:30","slug":"sante-et-securite","status":"publish","type":"page","link":"https:\/\/goldcandle.com\/fr\/sante-et-securite\/","title":{"rendered":"Sant\u00e9 et s\u00e9curit\u00e9"},"content":{"rendered":"<div class=\"fusion-fullwidth fullwidth-box fusion-builder-row-1 fusion-flex-container has-pattern-background has-mask-background nonhundred-percent-fullwidth non-hundred-percent-height-scrolling\" style=\"--link_hover_color: #278b77;--link_color: #278b77;--awb-background-position:right top;--awb-background-blend-mode:overlay;--awb-border-color:#ffffff;--awb-border-radius-top-left:0px;--awb-border-radius-top-right:0px;--awb-border-radius-bottom-right:0px;--awb-border-radius-bottom-left:0px;--awb-padding-top:120px;--awb-padding-bottom:120px;--awb-padding-top-medium:90px;--awb-padding-bottom-medium:90px;--awb-padding-top-small:80px;--awb-padding-bottom-small:80px;--awb-margin-bottom-medium:0px;--awb-background-color:#ffffff;--awb-flex-wrap:wrap;\" id=\"who\" ><div class=\"fusion-builder-row fusion-row fusion-flex-align-items-center fusion-flex-content-wrap\" style=\"max-width:calc( 1200px + 80px );margin-left: calc(-80px \/ 2 );margin-right: calc(-80px \/ 2 );\"><div class=\"fusion-layout-column fusion_builder_column fusion-builder-column-0 fusion-flex-column fusion-animated\" style=\"--awb-padding-bottom-medium:0px;--awb-bg-size:cover;--awb-width-large:48%;--awb-margin-top-large:0px;--awb-spacing-right-large:40px;--awb-margin-bottom-large:0px;--awb-spacing-left-large:55px;--awb-width-medium:50%;--awb-order-medium:0;--awb-spacing-right-medium:40px;--awb-spacing-left-medium:20px;--awb-width-small:100%;--awb-order-small:0;--awb-spacing-right-small:40px;--awb-spacing-left-small:20px;\" data-animationType=\"fadeInRight\" data-animationDuration=\"1.3\" data-animationOffset=\"top-into-view\"><div class=\"fusion-column-wrapper fusion-column-has-shadow fusion-flex-justify-content-flex-start fusion-content-layout-column\"><div class=\"fusion-text fusion-text-1 fusion-text-no-margin\" style=\"--awb-text-color:#091b18;--awb-margin-top:0px;--awb-margin-right:0px;--awb-margin-bottom:10px;--awb-margin-left:0px;\"><p class=\"p1\">Gold Candle est fermement engag\u00e9e \u00e0 prot\u00e9ger la sant\u00e9 et la s\u00e9curit\u00e9 de ses travailleurs et de leurs familles, des communaut\u00e9s locales et de la soci\u00e9t\u00e9 dans son ensemble.<\/p>\n<p class=\"p1\">Depuis l\u2019acquisition de la <span style=\"color: #1a75bc;\"><span class=\"s1\"><span style=\"color: #1a75bc;\">propri\u00e9t\u00e9 Kerr-Addison<\/span><\/span><\/span>, Gold Candle a pris plusieurs mesures pour assurer la s\u00e9curit\u00e9 de tous, notamment\u00a0:<\/p>\n<\/div><ul style=\"--awb-item-padding-top:20px;--awb-item-padding-right:60px;--awb-item-padding-left:0px;--awb-textcolor:#091b18;--awb-line-height:27.2px;--awb-icon-width:27.2px;--awb-icon-height:27.2px;--awb-icon-margin:11.2px;--awb-content-margin:38.4px;\" class=\"fusion-checklist fusion-checklist-1 type-icons\"><li class=\"fusion-li-item\" style=\"\"><span class=\"icon-wrapper circle-no\"><i class=\"fusion-li-icon fa-check fas\" aria-hidden=\"true\"><\/i><\/span><div class=\"fusion-li-item-content\">\n<p class=\"p1\">R\u00e9paration et entretien de la cl\u00f4ture du p\u00e9rim\u00e8tre du site;<\/p>\n<\/div><\/li><li class=\"fusion-li-item\" style=\"\"><span class=\"icon-wrapper circle-no\"><i class=\"fusion-li-icon fa-check fas\" aria-hidden=\"true\"><\/i><\/span><div class=\"fusion-li-item-content\">\n<p class=\"p1\">Mise en place de panneaux interdisant l\u2019acc\u00e8s au public et la circulation automobile;<\/p>\n<\/div><\/li><li class=\"fusion-li-item\" style=\"\"><span class=\"icon-wrapper circle-no\"><i class=\"fusion-li-icon fa-check fas\" aria-hidden=\"true\"><\/i><\/span><div class=\"fusion-li-item-content\">\n<p class=\"p1\">Restriction de l\u2019acc\u00e8s aux zones dangereuses \u00e0 l\u2019int\u00e9rieur du p\u00e9rim\u00e8tre cl\u00f4tur\u00e9;<\/p>\n<\/div><\/li><li class=\"fusion-li-item\" style=\"\"><span class=\"icon-wrapper circle-no\"><i class=\"fusion-li-icon fa-check fas\" aria-hidden=\"true\"><\/i><\/span><div class=\"fusion-li-item-content\">\n<p class=\"p1\">Enl\u00e8vement et \u00e9limination d\u2019un tas de cyanure de sodium qui s\u2019\u00e9tait r\u00e9pandu sur le sol \u00e0 la suite de la rupture d\u2019un r\u00e9servoir de stockage;<\/p>\n<\/div><\/li><li class=\"fusion-li-item\" style=\"\"><span class=\"icon-wrapper circle-no\"><i class=\"fusion-li-icon fa-check fas\" aria-hidden=\"true\"><\/i><\/span><div class=\"fusion-li-item-content\">\n<p class=\"p1\">Enl\u00e8vement et \u00e9limination de tous les barils et r\u00e9servoirs contenant des hydrocarbures et des produits chimiques inconnus utilis\u00e9s ant\u00e9rieurement sur le site;<\/p>\n<\/div><\/li><li class=\"fusion-li-item\" style=\"\"><span class=\"icon-wrapper circle-no\"><i class=\"fusion-li-icon fa-check fas\" aria-hidden=\"true\"><\/i><\/span><div class=\"fusion-li-item-content\">\n<p class=\"p1\">Envoi au minist\u00e8re des Ressources naturelles de toute la documentation relative \u00e0 l\u2019enl\u00e8vement et \u00e0 l\u2019\u00e9limination du cyanure de sodium et des hydrocarbures.<\/p>\n<\/div><\/li><\/ul><div class=\"fusion-text fusion-text-2 fusion-text-no-margin\" style=\"--awb-text-color:#091b18;--awb-margin-top:30px;--awb-margin-right:0px;--awb-margin-bottom:10px;--awb-margin-left:0px;\"><p class=\"p1\">Avant d\u2019explorer le site minier abandonn\u00e9, les dangers susceptibles d\u2019avoir une incidence sur la s\u00e9curit\u00e9 des travailleurs ont \u00e9t\u00e9 \u00e9valu\u00e9s. La soci\u00e9t\u00e9 a effectu\u00e9 un premier lev\u00e9 par drone au printemps 2015 afin de capturer des photographies a\u00e9riennes et de recueillir des donn\u00e9es topographiques d\u00e9taill\u00e9es. Depuis lors, elle proc\u00e8de r\u00e9guli\u00e8rement \u00e0 des lev\u00e9s par drone pour d\u00e9celer des changements dans les conditions du sol autour des anciennes galeries souterraines, ainsi que pour localiser les plateformes de forage et les routes d\u2019acc\u00e8s.<\/p>\n<\/div><\/div><\/div><div class=\"fusion-layout-column fusion_builder_column fusion-builder-column-1 fusion-flex-column fusion-animated\" style=\"--awb-bg-size:cover;--awb-width-large:52%;--awb-margin-top-large:0px;--awb-spacing-right-large:72px;--awb-margin-bottom-large:0px;--awb-spacing-left-large:40px;--awb-width-medium:50%;--awb-order-medium:0;--awb-spacing-right-medium:70px;--awb-spacing-left-medium:40px;--awb-width-small:100%;--awb-order-small:0;--awb-spacing-right-small:40px;--awb-spacing-left-small:40px;\" data-animationType=\"fadeInUp\" data-animationDuration=\"0.8\" data-animationOffset=\"top-into-view\"><div class=\"fusion-column-wrapper fusion-column-has-shadow fusion-flex-justify-content-flex-start fusion-content-layout-column\"><div class=\"fusion-image-element \" style=\"--awb-aspect-ratio: 100 \/ 119;--awb-margin-bottom-small:50px;--awb-caption-title-font-family:var(--h2_typography-font-family);--awb-caption-title-font-weight:var(--h2_typography-font-weight);--awb-caption-title-font-style:var(--h2_typography-font-style);--awb-caption-title-size:var(--h2_typography-font-size);--awb-caption-title-transform:var(--h2_typography-text-transform);--awb-caption-title-line-height:var(--h2_typography-line-height);--awb-caption-title-letter-spacing:var(--h2_typography-letter-spacing);\"><span class=\" fusion-imageframe imageframe-none imageframe-1 hover-type-none has-aspect-ratio\"><img decoding=\"async\" width=\"867\" height=\"654\" title=\"minegroupshot\" src=\"https:\/\/goldcandle.com\/wp-content\/uploads\/2025\/07\/minegroupshot.jpg\" data-orig-src=\"https:\/\/goldcandle.com\/wp-content\/uploads\/2025\/07\/minegroupshot.jpg\" class=\"lazyload img-responsive wp-image-93533 img-with-aspect-ratio\" data-parent-fit=\"cover\" data-parent-container=\".fusion-image-element\" alt srcset=\"data:image\/svg+xml,%3Csvg%20xmlns%3D%27http%3A%2F%2Fwww.w3.org%2F2000%2Fsvg%27%20width%3D%27867%27%20height%3D%27654%27%20viewBox%3D%270%200%20867%20654%27%3E%3Crect%20width%3D%27867%27%20height%3D%27654%27%20fill-opacity%3D%220%22%2F%3E%3C%2Fsvg%3E\" data-srcset=\"https:\/\/goldcandle.com\/wp-content\/uploads\/2025\/07\/minegroupshot-200x151.jpg 200w, https:\/\/goldcandle.com\/wp-content\/uploads\/2025\/07\/minegroupshot-400x302.jpg 400w, https:\/\/goldcandle.com\/wp-content\/uploads\/2025\/07\/minegroupshot-600x453.jpg 600w, https:\/\/goldcandle.com\/wp-content\/uploads\/2025\/07\/minegroupshot-800x603.jpg 800w, https:\/\/goldcandle.com\/wp-content\/uploads\/2025\/07\/minegroupshot.jpg 867w\" data-sizes=\"auto\" data-orig-sizes=\"(max-width: 640px) 100vw, 600px\" \/><\/span><\/div><\/div><\/div><\/div><\/div>\n","protected":false},"excerpt":{"rendered":"","protected":false},"author":3,"featured_media":0,"parent":0,"menu_order":0,"comment_status":"closed","ping_status":"closed","template":"100-width.php","meta":{"_monsterinsights_skip_tracking":false,"_monsterinsights_sitenote_active":false,"_monsterinsights_sitenote_note":"","_monsterinsights_sitenote_category":0,"footnotes":""},"class_list":["post-93524","page","type-page","status-publish","hentry"],"aioseo_notices":[],"amp_enabled":true,"_links":{"self":[{"href":"https:\/\/goldcandle.com\/fr\/wp-json\/wp\/v2\/pages\/93524","targetHints":{"allow":["GET"]}}],"collection":[{"href":"https:\/\/goldcandle.com\/fr\/wp-json\/wp\/v2\/pages"}],"about":[{"href":"https:\/\/goldcandle.com\/fr\/wp-json\/wp\/v2\/types\/page"}],"author":[{"embeddable":true,"href":"https:\/\/goldcandle.com\/fr\/wp-json\/wp\/v2\/users\/3"}],"replies":[{"embeddable":true,"href":"https:\/\/goldcandle.com\/fr\/wp-json\/wp\/v2\/comments?post=93524"}],"version-history":[{"count":2,"href":"https:\/\/goldcandle.com\/fr\/wp-json\/wp\/v2\/pages\/93524\/revisions"}],"predecessor-version":[{"id":93576,"href":"https:\/\/goldcandle.com\/fr\/wp-json\/wp\/v2\/pages\/93524\/revisions\/93576"}],"wp:attachment":[{"href":"https:\/\/goldcandle.com\/fr\/wp-json\/wp\/v2\/media?parent=93524"}],"curies":[{"name":"wp","href":"https:\/\/api.w.org\/{rel}","templated":true}]}}