{"id":93534,"date":"2023-05-22T23:03:30","date_gmt":"2023-05-22T23:03:30","guid":{"rendered":"https:\/\/goldcandle.com\/environnement\/"},"modified":"2026-04-29T15:49:32","modified_gmt":"2026-04-29T15:49:32","slug":"environnement","status":"publish","type":"page","link":"https:\/\/goldcandle.com\/fr\/environnement\/","title":{"rendered":"Environnement"},"content":{"rendered":"<p><div class=\"fusion-fullwidth fullwidth-box fusion-builder-row-1 fusion-flex-container has-pattern-background has-mask-background nonhundred-percent-fullwidth non-hundred-percent-height-scrolling\" style=\"--link_hover_color: #278b77;--link_color: #278b77;--awb-background-position:right top;--awb-background-blend-mode:overlay;--awb-border-color:#ffffff;--awb-border-radius-top-left:0px;--awb-border-radius-top-right:0px;--awb-border-radius-bottom-right:0px;--awb-border-radius-bottom-left:0px;--awb-padding-top:120px;--awb-padding-bottom:120px;--awb-padding-top-medium:90px;--awb-padding-bottom-medium:90px;--awb-padding-top-small:80px;--awb-padding-bottom-small:80px;--awb-margin-bottom-medium:0px;--awb-background-color:#ffffff;--awb-flex-wrap:wrap;\" id=\"who\" ><div class=\"fusion-builder-row fusion-row fusion-flex-align-items-center fusion-flex-content-wrap\" style=\"max-width:calc( 1200px + 80px );margin-left: calc(-80px \/ 2 );margin-right: calc(-80px \/ 2 );\"><div class=\"fusion-layout-column fusion_builder_column fusion-builder-column-0 fusion-flex-column fusion-animated\" style=\"--awb-bg-size:cover;--awb-width-large:52%;--awb-margin-top-large:0px;--awb-spacing-right-large:72px;--awb-margin-bottom-large:0px;--awb-spacing-left-large:40px;--awb-width-medium:50%;--awb-order-medium:0;--awb-spacing-right-medium:70px;--awb-spacing-left-medium:40px;--awb-width-small:100%;--awb-order-small:0;--awb-spacing-right-small:40px;--awb-spacing-left-small:40px;\" data-animationType=\"fadeInUp\" data-animationDuration=\"0.8\" data-animationOffset=\"top-into-view\"><div class=\"fusion-column-wrapper fusion-column-has-shadow fusion-flex-justify-content-flex-start fusion-content-layout-column\"><div class=\"fusion-image-element \" style=\"--awb-aspect-ratio: 100 \/ 119;--awb-margin-bottom-small:50px;--awb-caption-title-font-family:var(--h2_typography-font-family);--awb-caption-title-font-weight:var(--h2_typography-font-weight);--awb-caption-title-font-style:var(--h2_typography-font-style);--awb-caption-title-size:var(--h2_typography-font-size);--awb-caption-title-transform:var(--h2_typography-text-transform);--awb-caption-title-line-height:var(--h2_typography-line-height);--awb-caption-title-letter-spacing:var(--h2_typography-letter-spacing);\"><span class=\" fusion-imageframe imageframe-none imageframe-1 hover-type-none has-aspect-ratio\"><img decoding=\"async\" width=\"683\" height=\"1024\" title=\"8Q8A3085\" src=\"https:\/\/goldcandle.com\/wp-content\/uploads\/2025\/07\/8Q8A3085-scaled.jpg\" data-orig-src=\"https:\/\/goldcandle.com\/wp-content\/uploads\/2025\/07\/8Q8A3085-683x1024.jpg\" class=\"lazyload img-responsive wp-image-93163 img-with-aspect-ratio\" data-parent-fit=\"cover\" data-parent-container=\".fusion-image-element\" alt srcset=\"data:image\/svg+xml,%3Csvg%20xmlns%3D%27http%3A%2F%2Fwww.w3.org%2F2000%2Fsvg%27%20width%3D%271707%27%20height%3D%272560%27%20viewBox%3D%270%200%201707%202560%27%3E%3Crect%20width%3D%271707%27%20height%3D%272560%27%20fill-opacity%3D%220%22%2F%3E%3C%2Fsvg%3E\" data-srcset=\"https:\/\/goldcandle.com\/wp-content\/uploads\/2025\/07\/8Q8A3085-200x300.jpg 200w, https:\/\/goldcandle.com\/wp-content\/uploads\/2025\/07\/8Q8A3085-400x600.jpg 400w, https:\/\/goldcandle.com\/wp-content\/uploads\/2025\/07\/8Q8A3085-600x900.jpg 600w, https:\/\/goldcandle.com\/wp-content\/uploads\/2025\/07\/8Q8A3085-800x1200.jpg 800w, https:\/\/goldcandle.com\/wp-content\/uploads\/2025\/07\/8Q8A3085-1200x1800.jpg 1200w, https:\/\/goldcandle.com\/wp-content\/uploads\/2025\/07\/8Q8A3085-scaled.jpg 1707w\" data-sizes=\"auto\" data-orig-sizes=\"(max-width: 640px) 100vw, 600px\" \/><\/span><\/div><\/div><\/div><div class=\"fusion-layout-column fusion_builder_column fusion-builder-column-1 fusion-flex-column fusion-animated\" style=\"--awb-padding-bottom-medium:0px;--awb-bg-size:cover;--awb-width-large:48%;--awb-margin-top-large:0px;--awb-spacing-right-large:40px;--awb-margin-bottom-large:0px;--awb-spacing-left-large:55px;--awb-width-medium:50%;--awb-order-medium:0;--awb-spacing-right-medium:40px;--awb-spacing-left-medium:20px;--awb-width-small:100%;--awb-order-small:0;--awb-spacing-right-small:40px;--awb-spacing-left-small:20px;\" data-animationType=\"fadeInRight\" data-animationDuration=\"1.3\" data-animationOffset=\"top-into-view\"><div class=\"fusion-column-wrapper fusion-column-has-shadow fusion-flex-justify-content-flex-start fusion-content-layout-column\"><div class=\"fusion-title title fusion-title-1 fusion-no-small-visibility fusion-no-medium-visibility fusion-sep-none fusion-title-text fusion-title-size-two\" style=\"--awb-text-color:#091b18;--awb-margin-bottom:30px;--awb-margin-top-small:10px;--awb-margin-right-small:0px;--awb-margin-bottom-small:10px;--awb-margin-left-small:0px;--awb-sep-color:#d1d1d1;--awb-font-size:50px;\"><h2 class=\"fusion-title-heading title-heading-left fusion-responsive-typography-calculated\" style=\"margin:0;text-transform:var(--awb-typography1-text-transform);font-size:1em;--fontSize:50;line-height:1.2;\">Probl\u00e8mes environnementaux h\u00e9rit\u00e9s du pass\u00e9<\/h2><\/div><div class=\"fusion-text fusion-text-1 fusion-text-no-margin\" style=\"--awb-text-color:#091b18;--awb-margin-top:0px;--awb-margin-right:0px;--awb-margin-bottom:10px;--awb-margin-left:0px;\"><p class=\"p1\">Les activit\u00e9s mini\u00e8res pass\u00e9es ont \u00e9t\u00e9 une source de fiert\u00e9 pour beaucoup, mais ont laiss\u00e9 en h\u00e9ritage des probl\u00e8mes qu\u2019il faut aujourd\u2019hui r\u00e9soudre \u00e0 l\u2019aide des connaissances et des technologies actuelles.<\/p>\n<p class=\"p1\">Par exemple, des r\u00e9sidus miniers et certaines mati\u00e8res dangereuses ont \u00e9t\u00e9 laiss\u00e9s \u00e0 l\u2019abandon sur le site apr\u00e8s la fermeture de la mine.<\/p>\n<\/div><\/div><\/div><\/div><\/div><div class=\"fusion-fullwidth fullwidth-box fusion-builder-row-2 fusion-flex-container has-pattern-background has-mask-background nonhundred-percent-fullwidth non-hundred-percent-height-scrolling\" style=\"--link_hover_color: #278b77;--link_color: #278b77;--awb-background-position:right top;--awb-background-blend-mode:overlay;--awb-border-color:#ffffff;--awb-border-radius-top-left:0px;--awb-border-radius-top-right:0px;--awb-border-radius-bottom-right:0px;--awb-border-radius-bottom-left:0px;--awb-padding-top:0px;--awb-padding-bottom:120px;--awb-padding-top-medium:0px;--awb-padding-bottom-medium:90px;--awb-padding-top-small:0px;--awb-padding-bottom-small:80px;--awb-margin-bottom-medium:0px;--awb-background-color:#ffffff;--awb-flex-wrap:wrap;\" ><div class=\"fusion-builder-row fusion-row fusion-flex-align-items-center fusion-flex-content-wrap\" style=\"max-width:calc( 1200px + 80px );margin-left: calc(-80px \/ 2 );margin-right: calc(-80px \/ 2 );\"><div class=\"fusion-layout-column fusion_builder_column fusion-builder-column-2 fusion-flex-column fusion-animated\" style=\"--awb-padding-bottom-medium:0px;--awb-bg-size:cover;--awb-width-large:48%;--awb-margin-top-large:0px;--awb-spacing-right-large:55px;--awb-margin-bottom-large:0px;--awb-spacing-left-large:40px;--awb-width-medium:50%;--awb-order-medium:0;--awb-spacing-right-medium:55px;--awb-spacing-left-medium:20px;--awb-width-small:100%;--awb-order-small:1;--awb-spacing-right-small:55px;--awb-spacing-left-small:20px;\" data-animationType=\"fadeInLeft\" data-animationDuration=\"1.3\" data-animationOffset=\"top-into-view\"><div class=\"fusion-column-wrapper fusion-column-has-shadow fusion-flex-justify-content-flex-start fusion-content-layout-column\"><div class=\"fusion-title title fusion-title-2 fusion-no-small-visibility fusion-no-medium-visibility fusion-sep-none fusion-title-text fusion-title-size-two\" style=\"--awb-text-color:#091b18;--awb-margin-bottom:30px;--awb-margin-top-small:10px;--awb-margin-right-small:0px;--awb-margin-bottom-small:10px;--awb-margin-left-small:0px;--awb-sep-color:#d1d1d1;--awb-font-size:50px;\"><h2 class=\"fusion-title-heading title-heading-left fusion-responsive-typography-calculated\" style=\"margin:0;text-transform:var(--awb-typography1-text-transform);font-size:1em;--fontSize:50;line-height:1.2;\">R\u00e9duire les impacts environnementaux<\/h2><\/div><div class=\"fusion-text fusion-text-2 fusion-text-no-margin\" style=\"--awb-letter-spacing:0px;--awb-text-transform:var(--awb-typography4-text-transform);--awb-text-color:#091b18;--awb-margin-top:0px;--awb-margin-right:0px;--awb-margin-bottom:10px;--awb-margin-left:0px;\"><p class=\"p1\">Gold Candle a entrepris des travaux de restauration apr\u00e8s avoir acquis la propri\u00e9t\u00e9 historique Kerr-Addison en 2015.<\/p>\n<p>Voici un aper\u00e7u des initiatives actuelles et pass\u00e9es visant \u00e0 r\u00e9duire les impacts environnementaux\u00a0:<\/p>\n<\/div><ul style=\"--awb-item-padding-top:20px;--awb-item-padding-right:60px;--awb-item-padding-left:0px;--awb-textcolor:#091b18;--awb-line-height:27.2px;--awb-icon-width:27.2px;--awb-icon-height:27.2px;--awb-icon-margin:11.2px;--awb-content-margin:38.4px;\" class=\"fusion-checklist fusion-checklist-1 type-icons\"><li class=\"fusion-li-item\" style=\"\"><span class=\"icon-wrapper circle-no\"><i class=\"fusion-li-icon fa-check fas\" aria-hidden=\"true\"><\/i><\/span><div class=\"fusion-li-item-content\">\n<p class=\"p1\">Enl\u00e8vement des barils de cyanure de calcium et d\u2019hydrocarbures (2015 et 2017);<\/p>\n<\/div><\/li><li class=\"fusion-li-item\" style=\"\"><span class=\"icon-wrapper circle-no\"><i class=\"fusion-li-icon fa-check fas\" aria-hidden=\"true\"><\/i><\/span><div class=\"fusion-li-item-content\">\n<p class=\"p1\">Enl\u00e8vement et \u00e9limination d\u00fbment document\u00e9s de deux anciens r\u00e9servoirs de p\u00e9trole;<\/p>\n<\/div><\/li><li class=\"fusion-li-item\" style=\"\"><span class=\"icon-wrapper circle-no\"><i class=\"fusion-li-icon fa-check fas\" aria-hidden=\"true\"><\/i><\/span><div class=\"fusion-li-item-content\">\n<p class=\"p1\">Recyclage de la ferraille;<\/p>\n<\/div><\/li><li class=\"fusion-li-item\" style=\"\"><span class=\"icon-wrapper circle-no\"><i class=\"fusion-li-icon fa-check fas\" aria-hidden=\"true\"><\/i><\/span><div class=\"fusion-li-item-content\">\n<p class=\"p1\">Ajout de gravier pour rehausser le niveau du sentier de cinq minutes;<\/p>\n<\/div><\/li><li class=\"fusion-li-item\" style=\"\"><span class=\"icon-wrapper circle-no\"><i class=\"fusion-li-icon fa-check fas\" aria-hidden=\"true\"><\/i><\/span><div class=\"fusion-li-item-content\">\n<p class=\"p1\">Collaboration avec des experts pour traiter des aspects sp\u00e9cifiques\u00a0: \u00e9tudes, essais, \u00e9valuations, etc.;<\/p>\n<\/div><\/li><li class=\"fusion-li-item\" style=\"\"><span class=\"icon-wrapper circle-no\"><i class=\"fusion-li-icon fa-check fas\" aria-hidden=\"true\"><\/i><\/span><div class=\"fusion-li-item-content\">\n<p class=\"p1\">R\u00e9alisation d\u2019\u00e9valuations pr\u00e9liminaires pour d\u00e9terminer les impacts d\u2019\u00e9ventuels projets d\u2019exploitation;<\/p>\n<\/div><\/li><li class=\"fusion-li-item\" style=\"\"><span class=\"icon-wrapper circle-no\"><i class=\"fusion-li-icon fa-check fas\" aria-hidden=\"true\"><\/i><\/span><div class=\"fusion-li-item-content\">\n<p class=\"p1\">Augmentation de la recirculation de l\u2019eau lors du forage;<\/p>\n<\/div><\/li><li class=\"fusion-li-item\" style=\"\"><span class=\"icon-wrapper circle-no\"><i class=\"fusion-li-icon fa-check fas\" aria-hidden=\"true\"><\/i><\/span><div class=\"fusion-li-item-content\">\n<p class=\"p1\">Utilisation de fluides de forage biod\u00e9gradables et non toxiques;<\/p>\n<\/div><\/li><li class=\"fusion-li-item\" style=\"\"><span class=\"icon-wrapper circle-no\"><i class=\"fusion-li-icon fa-check fas\" aria-hidden=\"true\"><\/i><\/span><div class=\"fusion-li-item-content\">\n<p class=\"p1\">Contr\u00f4le rigoureux des hydrocarbures utilis\u00e9s;<\/p>\n<\/div><\/li><li class=\"fusion-li-item\" style=\"\"><span class=\"icon-wrapper circle-no\"><i class=\"fusion-li-icon fa-check fas\" aria-hidden=\"true\"><\/i><\/span><div class=\"fusion-li-item-content\">\n<p class=\"p1\">Poursuite des travaux de remise en \u00e9tat des zones perturb\u00e9es en surface;<\/p>\n<\/div><\/li><li class=\"fusion-li-item\" style=\"\"><span class=\"icon-wrapper circle-no\"><i class=\"fusion-li-icon fa-check fas\" aria-hidden=\"true\"><\/i><\/span><div class=\"fusion-li-item-content\">\n<p class=\"p1\">Cimentage de tous les trous o\u00f9 l\u2019eau affleure \u00e0 la surface.<\/p>\n<\/div><\/li><\/ul><\/div><\/div><div class=\"fusion-layout-column fusion_builder_column fusion-builder-column-3 fusion-flex-column fusion-animated\" style=\"--awb-bg-size:cover;--awb-width-large:52%;--awb-margin-top-large:0px;--awb-spacing-right-large:40px;--awb-margin-bottom-large:0px;--awb-spacing-left-large:72px;--awb-width-medium:50%;--awb-order-medium:0;--awb-spacing-right-medium:70px;--awb-spacing-left-medium:72px;--awb-width-small:100%;--awb-order-small:0;--awb-spacing-right-small:40px;--awb-spacing-left-small:40px;\" data-animationType=\"fadeInUp\" data-animationDuration=\"0.8\" data-animationOffset=\"top-into-view\"><div class=\"fusion-column-wrapper fusion-column-has-shadow fusion-flex-justify-content-flex-start fusion-content-layout-column\"><div class=\"fusion-image-element \" style=\"--awb-aspect-ratio: 100 \/ 119;--awb-margin-bottom-small:50px;--awb-caption-title-font-family:var(--h2_typography-font-family);--awb-caption-title-font-weight:var(--h2_typography-font-weight);--awb-caption-title-font-style:var(--h2_typography-font-style);--awb-caption-title-size:var(--h2_typography-font-size);--awb-caption-title-transform:var(--h2_typography-text-transform);--awb-caption-title-line-height:var(--h2_typography-line-height);--awb-caption-title-letter-spacing:var(--h2_typography-letter-spacing);\"><span class=\" fusion-imageframe imageframe-none imageframe-2 hover-type-none has-aspect-ratio\"><img decoding=\"async\" width=\"683\" height=\"1024\" title=\"8Q8A3399\" src=\"https:\/\/goldcandle.com\/wp-content\/uploads\/2025\/07\/8Q8A3399-scaled.jpg\" data-orig-src=\"https:\/\/goldcandle.com\/wp-content\/uploads\/2025\/07\/8Q8A3399-683x1024.jpg\" class=\"lazyload img-responsive wp-image-93541 img-with-aspect-ratio\" data-parent-fit=\"cover\" data-parent-container=\".fusion-image-element\" alt srcset=\"data:image\/svg+xml,%3Csvg%20xmlns%3D%27http%3A%2F%2Fwww.w3.org%2F2000%2Fsvg%27%20width%3D%271707%27%20height%3D%272560%27%20viewBox%3D%270%200%201707%202560%27%3E%3Crect%20width%3D%271707%27%20height%3D%272560%27%20fill-opacity%3D%220%22%2F%3E%3C%2Fsvg%3E\" data-srcset=\"https:\/\/goldcandle.com\/wp-content\/uploads\/2025\/07\/8Q8A3399-200x300.jpg 200w, https:\/\/goldcandle.com\/wp-content\/uploads\/2025\/07\/8Q8A3399-400x600.jpg 400w, https:\/\/goldcandle.com\/wp-content\/uploads\/2025\/07\/8Q8A3399-600x900.jpg 600w, https:\/\/goldcandle.com\/wp-content\/uploads\/2025\/07\/8Q8A3399-800x1200.jpg 800w, https:\/\/goldcandle.com\/wp-content\/uploads\/2025\/07\/8Q8A3399-1200x1800.jpg 1200w, https:\/\/goldcandle.com\/wp-content\/uploads\/2025\/07\/8Q8A3399-scaled.jpg 1707w\" data-sizes=\"auto\" data-orig-sizes=\"(max-width: 640px) 100vw, 600px\" \/><\/span><\/div><\/div><\/div><\/div><\/div><div class=\"fusion-fullwidth fullwidth-box fusion-builder-row-3 fusion-flex-container has-pattern-background has-mask-background nonhundred-percent-fullwidth non-hundred-percent-height-scrolling\" style=\"--link_hover_color: #278b77;--link_color: #278b77;--awb-background-position:right top;--awb-background-blend-mode:overlay;--awb-border-color:#ffffff;--awb-border-radius-top-left:0px;--awb-border-radius-top-right:0px;--awb-border-radius-bottom-right:0px;--awb-border-radius-bottom-left:0px;--awb-padding-top:0px;--awb-padding-bottom:120px;--awb-padding-top-medium:0px;--awb-padding-bottom-medium:90px;--awb-padding-top-small:0px;--awb-padding-bottom-small:80px;--awb-margin-bottom-medium:0px;--awb-background-color:#ffffff;--awb-flex-wrap:wrap;\" ><div class=\"fusion-builder-row fusion-row fusion-flex-align-items-center fusion-flex-content-wrap\" style=\"max-width:calc( 1200px + 80px );margin-left: calc(-80px \/ 2 );margin-right: calc(-80px \/ 2 );\"><div class=\"fusion-layout-column fusion_builder_column fusion-builder-column-4 fusion-flex-column fusion-animated\" style=\"--awb-bg-size:cover;--awb-width-large:52%;--awb-margin-top-large:0px;--awb-spacing-right-large:40px;--awb-margin-bottom-large:0px;--awb-spacing-left-large:72px;--awb-width-medium:50%;--awb-order-medium:0;--awb-spacing-right-medium:70px;--awb-spacing-left-medium:72px;--awb-width-small:100%;--awb-order-small:0;--awb-spacing-right-small:40px;--awb-spacing-left-small:40px;\" data-animationType=\"fadeInUp\" data-animationDuration=\"0.8\" data-animationOffset=\"top-into-view\"><div class=\"fusion-column-wrapper fusion-column-has-shadow fusion-flex-justify-content-flex-start fusion-content-layout-column\"><div class=\"fusion-image-element \" style=\"--awb-aspect-ratio: 100 \/ 119;--awb-margin-bottom-small:50px;--awb-caption-title-font-family:var(--h2_typography-font-family);--awb-caption-title-font-weight:var(--h2_typography-font-weight);--awb-caption-title-font-style:var(--h2_typography-font-style);--awb-caption-title-size:var(--h2_typography-font-size);--awb-caption-title-transform:var(--h2_typography-text-transform);--awb-caption-title-line-height:var(--h2_typography-line-height);--awb-caption-title-letter-spacing:var(--h2_typography-letter-spacing);\"><span class=\" fusion-imageframe imageframe-none imageframe-3 hover-type-none has-aspect-ratio\"><img decoding=\"async\" width=\"683\" height=\"1024\" title=\"Un scientifique d\u2019\u00e2ge m\u00fbr pr\u00e9l\u00e8ve un \u00e9chantillon d\u2019eau\" src=\"https:\/\/goldcandle.com\/wp-content\/uploads\/2025\/07\/mature-scientist-taking-water-sample-2025-02-11-09-30-46-utc-scaled.jpg\" data-orig-src=\"https:\/\/goldcandle.com\/wp-content\/uploads\/2025\/07\/mature-scientist-taking-water-sample-2025-02-11-09-30-46-utc-683x1024.jpg\" class=\"lazyload img-responsive wp-image-93543 img-with-aspect-ratio\" data-parent-fit=\"cover\" data-parent-container=\".fusion-image-element\" alt srcset=\"data:image\/svg+xml,%3Csvg%20xmlns%3D%27http%3A%2F%2Fwww.w3.org%2F2000%2Fsvg%27%20width%3D%271707%27%20height%3D%272560%27%20viewBox%3D%270%200%201707%202560%27%3E%3Crect%20width%3D%271707%27%20height%3D%272560%27%20fill-opacity%3D%220%22%2F%3E%3C%2Fsvg%3E\" data-srcset=\"https:\/\/goldcandle.com\/wp-content\/uploads\/2025\/07\/mature-scientist-taking-water-sample-2025-02-11-09-30-46-utc-200x300.jpg 200w, https:\/\/goldcandle.com\/wp-content\/uploads\/2025\/07\/mature-scientist-taking-water-sample-2025-02-11-09-30-46-utc-400x600.jpg 400w, https:\/\/goldcandle.com\/wp-content\/uploads\/2025\/07\/mature-scientist-taking-water-sample-2025-02-11-09-30-46-utc-600x900.jpg 600w, https:\/\/goldcandle.com\/wp-content\/uploads\/2025\/07\/mature-scientist-taking-water-sample-2025-02-11-09-30-46-utc-800x1200.jpg 800w, https:\/\/goldcandle.com\/wp-content\/uploads\/2025\/07\/mature-scientist-taking-water-sample-2025-02-11-09-30-46-utc-1200x1800.jpg 1200w, https:\/\/goldcandle.com\/wp-content\/uploads\/2025\/07\/mature-scientist-taking-water-sample-2025-02-11-09-30-46-utc-scaled.jpg 1707w\" data-sizes=\"auto\" data-orig-sizes=\"(max-width: 640px) 100vw, 600px\" \/><\/span><\/div><\/div><\/div><div class=\"fusion-layout-column fusion_builder_column fusion-builder-column-5 fusion-flex-column fusion-animated\" style=\"--awb-padding-bottom-medium:0px;--awb-bg-size:cover;--awb-width-large:48%;--awb-margin-top-large:0px;--awb-spacing-right-large:55px;--awb-margin-bottom-large:0px;--awb-spacing-left-large:40px;--awb-width-medium:50%;--awb-order-medium:0;--awb-spacing-right-medium:55px;--awb-spacing-left-medium:20px;--awb-width-small:100%;--awb-order-small:1;--awb-spacing-right-small:55px;--awb-spacing-left-small:20px;\" data-animationType=\"fadeInLeft\" data-animationDuration=\"1.3\" data-animationOffset=\"top-into-view\"><div class=\"fusion-column-wrapper fusion-column-has-shadow fusion-flex-justify-content-flex-start fusion-content-layout-column\"><div class=\"fusion-title title fusion-title-3 fusion-no-small-visibility fusion-no-medium-visibility fusion-sep-none fusion-title-text fusion-title-size-two\" style=\"--awb-text-color:#091b18;--awb-margin-bottom:30px;--awb-margin-top-small:10px;--awb-margin-right-small:0px;--awb-margin-bottom-small:10px;--awb-margin-left-small:0px;--awb-sep-color:#d1d1d1;--awb-font-size:50px;\"><h2 class=\"fusion-title-heading title-heading-left fusion-responsive-typography-calculated\" style=\"margin:0;text-transform:var(--awb-typography1-text-transform);font-size:1em;--fontSize:50;line-height:1.2;\">\u00c9chantillonnage des eaux de surface<\/h2><\/div><div class=\"fusion-text fusion-text-3 fusion-text-no-margin\" style=\"--awb-letter-spacing:0px;--awb-text-transform:var(--awb-typography4-text-transform);--awb-text-color:#091b18;--awb-margin-top:0px;--awb-margin-right:0px;--awb-margin-bottom:10px;--awb-margin-left:0px;\"><p class=\"p1\">Gold Candle a entrepris l\u2019\u00e9chantillonnage des eaux de surface sur le site en 2020. Alors que les efforts consacr\u00e9s \u00e0 l\u2019ensemble du projet se sont intensifi\u00e9s en 2022, Gold Candle a proc\u00e9d\u00e9 \u00e0 de nouveaux pr\u00e9l\u00e8vements d\u2019eau et \u00e0 d\u2019autres \u00e9valuations environnementales autour des anciens chantiers miniers, avec l\u2019aide de consultants externes. Des concentrations \u00e9lev\u00e9es de m\u00e9taux (dont de l\u2019arsenic, du cadmium, du cobalt, du fer et du nickel) ont \u00e9t\u00e9 d\u00e9tect\u00e9es dans les eaux d\u2019infiltration et dans l\u2019eau du lac pr\u00e8s du sentier de cinq minutes.<\/p>\n<p class=\"p1\">L\u2019arsenic \u00e9tant l\u2019\u00e9l\u00e9ment pr\u00e9sentant le plus fort d\u00e9passement des objectifs provinciaux de qualit\u00e9 de l\u2019eau de l\u2019Ontario, il est devenu le principal objet des \u00e9tudes de Gold Candle.<\/p>\n<p class=\"p1\">Une \u00e9valuation pr\u00e9liminaire des risques pour la sant\u00e9 humaine a \u00e9t\u00e9 r\u00e9alis\u00e9e en 2022 afin d\u2019\u00e9valuer les risques potentiels pour la sant\u00e9 associ\u00e9s \u00e0 l\u2019exposition humaine aux substances (principalement l\u2019arsenic) pr\u00e9sentes dans les eaux d\u2019infiltration le long du sentier de cinq minutes.\u00a0La principale conclusion \u00e9tait qu\u2019une exposition \u00e0 court terme n\u2019entra\u00eenerait pas d\u2019effets n\u00e9fastes sur la sant\u00e9.<\/p>\n<p class=\"p1\">La soci\u00e9t\u00e9 pr\u00e9voit \u00e9tudier plus en d\u00e9tail les eaux d\u2019infiltration et \u00e9laborer un plan de gestion appropri\u00e9 une fois que le potentiel de r\u00e9am\u00e9nagement du projet aura \u00e9t\u00e9 mieux compris.<\/p>\n<\/div><\/div><\/div><\/div><\/div><\/p>\n","protected":false},"excerpt":{"rendered":"","protected":false},"author":3,"featured_media":0,"parent":0,"menu_order":0,"comment_status":"closed","ping_status":"closed","template":"100-width.php","meta":{"_monsterinsights_skip_tracking":false,"_monsterinsights_sitenote_active":false,"_monsterinsights_sitenote_note":"","_monsterinsights_sitenote_category":0,"footnotes":""},"class_list":["post-93534","page","type-page","status-publish","hentry"],"aioseo_notices":[],"amp_enabled":true,"_links":{"self":[{"href":"https:\/\/goldcandle.com\/fr\/wp-json\/wp\/v2\/pages\/93534","targetHints":{"allow":["GET"]}}],"collection":[{"href":"https:\/\/goldcandle.com\/fr\/wp-json\/wp\/v2\/pages"}],"about":[{"href":"https:\/\/goldcandle.com\/fr\/wp-json\/wp\/v2\/types\/page"}],"author":[{"embeddable":true,"href":"https:\/\/goldcandle.com\/fr\/wp-json\/wp\/v2\/users\/3"}],"replies":[{"embeddable":true,"href":"https:\/\/goldcandle.com\/fr\/wp-json\/wp\/v2\/comments?post=93534"}],"version-history":[{"count":2,"href":"https:\/\/goldcandle.com\/fr\/wp-json\/wp\/v2\/pages\/93534\/revisions"}],"predecessor-version":[{"id":93585,"href":"https:\/\/goldcandle.com\/fr\/wp-json\/wp\/v2\/pages\/93534\/revisions\/93585"}],"wp:attachment":[{"href":"https:\/\/goldcandle.com\/fr\/wp-json\/wp\/v2\/media?parent=93534"}],"curies":[{"name":"wp","href":"https:\/\/api.w.org\/{rel}","templated":true}]}}