{"id":93560,"date":"2023-05-22T23:03:18","date_gmt":"2023-05-22T23:03:18","guid":{"rendered":"https:\/\/goldcandle.com\/communautes\/"},"modified":"2026-04-29T15:49:32","modified_gmt":"2026-04-29T15:49:32","slug":"communautes","status":"publish","type":"page","link":"https:\/\/goldcandle.com\/fr\/communautes\/","title":{"rendered":"Communaut\u00e9s"},"content":{"rendered":"<p><div class=\"fusion-fullwidth fullwidth-box fusion-builder-row-1 fusion-flex-container has-pattern-background has-mask-background nonhundred-percent-fullwidth non-hundred-percent-height-scrolling\" style=\"--link_hover_color: #278b77;--link_color: #278b77;--awb-background-position:right top;--awb-background-blend-mode:overlay;--awb-border-color:#ffffff;--awb-border-radius-top-left:0px;--awb-border-radius-top-right:0px;--awb-border-radius-bottom-right:0px;--awb-border-radius-bottom-left:0px;--awb-padding-top:120px;--awb-padding-bottom:120px;--awb-padding-top-medium:90px;--awb-padding-bottom-medium:90px;--awb-padding-top-small:80px;--awb-padding-bottom-small:80px;--awb-margin-bottom-medium:0px;--awb-background-color:#ffffff;--awb-flex-wrap:wrap;\" id=\"who\" ><div class=\"fusion-builder-row fusion-row fusion-flex-align-items-center fusion-flex-content-wrap\" style=\"max-width:calc( 1200px + 80px );margin-left: calc(-80px \/ 2 );margin-right: calc(-80px \/ 2 );\"><div class=\"fusion-layout-column fusion_builder_column fusion-builder-column-0 fusion-flex-column fusion-animated\" style=\"--awb-bg-size:cover;--awb-width-large:52%;--awb-margin-top-large:0px;--awb-spacing-right-large:72px;--awb-margin-bottom-large:0px;--awb-spacing-left-large:40px;--awb-width-medium:50%;--awb-order-medium:0;--awb-spacing-right-medium:70px;--awb-spacing-left-medium:40px;--awb-width-small:100%;--awb-order-small:0;--awb-spacing-right-small:40px;--awb-spacing-left-small:40px;\" data-animationType=\"fadeInUp\" data-animationDuration=\"0.8\" data-animationOffset=\"top-into-view\"><div class=\"fusion-column-wrapper fusion-column-has-shadow fusion-flex-justify-content-flex-start fusion-content-layout-column\"><div class=\"fusion-image-element \" style=\"--awb-aspect-ratio: 100 \/ 119;--awb-margin-bottom-small:50px;--awb-caption-title-font-family:var(--h2_typography-font-family);--awb-caption-title-font-weight:var(--h2_typography-font-weight);--awb-caption-title-font-style:var(--h2_typography-font-style);--awb-caption-title-size:var(--h2_typography-font-size);--awb-caption-title-transform:var(--h2_typography-text-transform);--awb-caption-title-line-height:var(--h2_typography-line-height);--awb-caption-title-letter-spacing:var(--h2_typography-letter-spacing);\"><span class=\" fusion-imageframe imageframe-none imageframe-1 hover-type-none has-aspect-ratio\"><img decoding=\"async\" width=\"683\" height=\"1024\" title=\"8Q8A2661\" src=\"https:\/\/goldcandle.com\/wp-content\/uploads\/2025\/07\/8Q8A2661-scaled.jpg\" data-orig-src=\"https:\/\/goldcandle.com\/wp-content\/uploads\/2025\/07\/8Q8A2661-683x1024.jpg\" class=\"lazyload img-responsive wp-image-93565 img-with-aspect-ratio\" data-parent-fit=\"cover\" data-parent-container=\".fusion-image-element\" alt srcset=\"data:image\/svg+xml,%3Csvg%20xmlns%3D%27http%3A%2F%2Fwww.w3.org%2F2000%2Fsvg%27%20width%3D%271707%27%20height%3D%272560%27%20viewBox%3D%270%200%201707%202560%27%3E%3Crect%20width%3D%271707%27%20height%3D%272560%27%20fill-opacity%3D%220%22%2F%3E%3C%2Fsvg%3E\" data-srcset=\"https:\/\/goldcandle.com\/wp-content\/uploads\/2025\/07\/8Q8A2661-200x300.jpg 200w, https:\/\/goldcandle.com\/wp-content\/uploads\/2025\/07\/8Q8A2661-400x600.jpg 400w, https:\/\/goldcandle.com\/wp-content\/uploads\/2025\/07\/8Q8A2661-600x900.jpg 600w, https:\/\/goldcandle.com\/wp-content\/uploads\/2025\/07\/8Q8A2661-800x1200.jpg 800w, https:\/\/goldcandle.com\/wp-content\/uploads\/2025\/07\/8Q8A2661-1200x1800.jpg 1200w, https:\/\/goldcandle.com\/wp-content\/uploads\/2025\/07\/8Q8A2661-scaled.jpg 1707w\" data-sizes=\"auto\" data-orig-sizes=\"(max-width: 640px) 100vw, 600px\" \/><\/span><\/div><\/div><\/div><div class=\"fusion-layout-column fusion_builder_column fusion-builder-column-1 fusion-flex-column fusion-animated\" style=\"--awb-padding-bottom-medium:0px;--awb-bg-size:cover;--awb-width-large:48%;--awb-margin-top-large:0px;--awb-spacing-right-large:40px;--awb-margin-bottom-large:0px;--awb-spacing-left-large:55px;--awb-width-medium:50%;--awb-order-medium:0;--awb-spacing-right-medium:40px;--awb-spacing-left-medium:20px;--awb-width-small:100%;--awb-order-small:0;--awb-spacing-right-small:40px;--awb-spacing-left-small:20px;\" data-animationType=\"fadeInRight\" data-animationDuration=\"1.3\" data-animationOffset=\"top-into-view\"><div class=\"fusion-column-wrapper fusion-column-has-shadow fusion-flex-justify-content-flex-start fusion-content-layout-column\"><div class=\"fusion-title title fusion-title-1 fusion-no-small-visibility fusion-no-medium-visibility fusion-sep-none fusion-title-text fusion-title-size-two\" style=\"--awb-text-color:#091b18;--awb-margin-bottom:30px;--awb-margin-top-small:10px;--awb-margin-right-small:0px;--awb-margin-bottom-small:10px;--awb-margin-left-small:0px;--awb-sep-color:#d1d1d1;--awb-font-size:50px;\"><h2 class=\"fusion-title-heading title-heading-left fusion-responsive-typography-calculated\" style=\"margin:0;text-transform:var(--awb-typography1-text-transform);font-size:1em;--fontSize:50;line-height:1.2;\">Engagement<\/h2><\/div><div class=\"fusion-text fusion-text-1 fusion-text-no-margin\" style=\"--awb-text-color:#091b18;--awb-margin-top:0px;--awb-margin-right:0px;--awb-margin-bottom:10px;--awb-margin-left:0px;\"><p class=\"p1\">\u00c0 l\u2019heure actuelle, les activit\u00e9s de Gold Candle sur le site de Kerr-Addison et ses environs se limitent \u00e0 l\u2019<span style=\"color: #1a75bc;\"><a style=\"color: #1a75bc;\" href=\"https:\/\/goldcandle.com\/fr\/?page_id=88594\"><span class=\"s1\">exploration<\/span><\/a><\/span>. La soci\u00e9t\u00e9 tient les communaut\u00e9s locales et les parties int\u00e9ress\u00e9es inform\u00e9es de ses activit\u00e9s et tient compte de leurs commentaires dans le d\u00e9veloppement du projet.<\/p>\n<p class=\"p1\">Gold Candle a \u00e9labor\u00e9 des principes d\u2019engagement communautaire afin d\u2019orienter ses efforts dans le cadre du <span style=\"color: #1a75bc;\"><a style=\"color: #1a75bc;\" href=\"https:\/\/goldcandle.com\/fr\/kerr-addison\/\"><span class=\"s1\">projet Kerr-Addison<\/span><\/a><\/span>.<\/p>\n<p class=\"p1\">En tant que soci\u00e9t\u00e9 d\u2019exploration canadienne responsable, Gold Candle s\u2019engage \u00e0\u00a0:<\/p>\n<\/div><ul style=\"--awb-item-padding-top:20px;--awb-item-padding-right:60px;--awb-item-padding-left:0px;--awb-textcolor:#091b18;--awb-line-height:27.2px;--awb-icon-width:27.2px;--awb-icon-height:27.2px;--awb-icon-margin:11.2px;--awb-content-margin:38.4px;\" class=\"fusion-checklist fusion-checklist-1 type-icons\"><li class=\"fusion-li-item\" style=\"\"><span class=\"icon-wrapper circle-no\"><i class=\"fusion-li-icon fa-check fas\" aria-hidden=\"true\"><\/i><\/span><div class=\"fusion-li-item-content\">\n<p>assurer une participation communautaire proactive, continue et efficace, en accord avec les int\u00e9r\u00eats et les attentes de la communaut\u00e9;<\/p>\n<\/div><\/li><li class=\"fusion-li-item\" style=\"\"><span class=\"icon-wrapper circle-no\"><i class=\"fusion-li-icon fa-check fas\" aria-hidden=\"true\"><\/i><\/span><div class=\"fusion-li-item-content\">\n<p class=\"p1\">fournir des renseignements opportuns, complets, transparents et accessibles au public sur les activit\u00e9s de Gold Candle, qui traitent des enjeux, des pr\u00e9occupations et des occasions soulev\u00e9s par les communaut\u00e9s et les organismes;<\/p>\n<\/div><\/li><li class=\"fusion-li-item\" style=\"\"><span class=\"icon-wrapper circle-no\"><i class=\"fusion-li-icon fa-check fas\" aria-hidden=\"true\"><\/i><\/span><div class=\"fusion-li-item-content\">\n<p class=\"p1\">prendre des d\u00e9cisions relatives aux projets en tenant compte des commentaires des communaut\u00e9s autochtones et des parties prenantes, selon leurs divers points de vue.<\/p>\n<\/div><\/li><\/ul><\/div><\/div><\/div><\/div><div class=\"fusion-fullwidth fullwidth-box fusion-builder-row-2 fusion-flex-container has-pattern-background has-mask-background nonhundred-percent-fullwidth non-hundred-percent-height-scrolling\" style=\"--link_hover_color: #278b77;--link_color: #278b77;--awb-background-position:right top;--awb-background-blend-mode:overlay;--awb-border-color:#ffffff;--awb-border-radius-top-left:0px;--awb-border-radius-top-right:0px;--awb-border-radius-bottom-right:0px;--awb-border-radius-bottom-left:0px;--awb-padding-top:0px;--awb-padding-bottom:120px;--awb-padding-top-medium:0px;--awb-padding-bottom-medium:90px;--awb-padding-top-small:0px;--awb-padding-bottom-small:80px;--awb-margin-bottom-medium:0px;--awb-background-color:#ffffff;--awb-flex-wrap:wrap;\" ><div class=\"fusion-builder-row fusion-row fusion-flex-align-items-center fusion-flex-content-wrap\" style=\"max-width:calc( 1200px + 80px );margin-left: calc(-80px \/ 2 );margin-right: calc(-80px \/ 2 );\"><div class=\"fusion-layout-column fusion_builder_column fusion-builder-column-2 fusion-flex-column fusion-animated\" style=\"--awb-padding-bottom-medium:0px;--awb-bg-size:cover;--awb-width-large:48%;--awb-margin-top-large:0px;--awb-spacing-right-large:55px;--awb-margin-bottom-large:0px;--awb-spacing-left-large:40px;--awb-width-medium:50%;--awb-order-medium:0;--awb-spacing-right-medium:55px;--awb-spacing-left-medium:20px;--awb-width-small:100%;--awb-order-small:1;--awb-spacing-right-small:55px;--awb-spacing-left-small:20px;\" data-animationType=\"fadeInLeft\" data-animationDuration=\"1.3\" data-animationOffset=\"top-into-view\"><div class=\"fusion-column-wrapper fusion-column-has-shadow fusion-flex-justify-content-flex-start fusion-content-layout-column\"><div class=\"fusion-title title fusion-title-2 fusion-no-small-visibility fusion-no-medium-visibility fusion-sep-none fusion-title-text fusion-title-size-two\" style=\"--awb-text-color:#091b18;--awb-margin-bottom:30px;--awb-margin-top-small:10px;--awb-margin-right-small:0px;--awb-margin-bottom-small:10px;--awb-margin-left-small:0px;--awb-sep-color:#d1d1d1;--awb-font-size:50px;\"><h2 class=\"fusion-title-heading title-heading-left fusion-responsive-typography-calculated\" style=\"margin:0;text-transform:var(--awb-typography1-text-transform);font-size:1em;--fontSize:50;line-height:1.2;\">R\u00e9conciliation<\/h2><\/div><div class=\"fusion-text fusion-text-2 fusion-text-no-margin\" style=\"--awb-letter-spacing:0px;--awb-text-transform:var(--awb-typography4-text-transform);--awb-text-color:#091b18;--awb-margin-top:0px;--awb-margin-right:0px;--awb-margin-bottom:10px;--awb-margin-left:0px;\"><p class=\"p1\">Gold Candle a progressivement entam\u00e9 un dialogue avec les communaut\u00e9s autochtones locales afin de les informer des activit\u00e9s et des intentions de la soci\u00e9t\u00e9 dans la r\u00e9gion, et de cerner leurs int\u00e9r\u00eats, leurs attentes et leurs pr\u00e9occupations concernant un \u00e9ventuel projet d\u2019exploitation mini\u00e8re sur le <span style=\"color: #1a75bc;\"><a style=\"color: #1a75bc;\" href=\"https:\/\/goldcandle.com\/fr\/kerr-addison\/\"><span class=\"s1\">site Kerr-Addison<\/span><\/a><\/span>.<\/p>\n<p class=\"p1\">Gold Candle s\u2019engage \u00e0 collaborer avec les communaut\u00e9s et organismes autochtones potentiellement touch\u00e9s et int\u00e9ress\u00e9s en \u00e9tablissant des relations ouvertes, positives et fond\u00e9es sur la confiance dans l\u2019int\u00e9r\u00eat des communaut\u00e9s et de la soci\u00e9t\u00e9.<\/p>\n<\/div><\/div><\/div><div class=\"fusion-layout-column fusion_builder_column fusion-builder-column-3 fusion-flex-column fusion-animated\" style=\"--awb-bg-size:cover;--awb-width-large:52%;--awb-margin-top-large:0px;--awb-spacing-right-large:40px;--awb-margin-bottom-large:0px;--awb-spacing-left-large:72px;--awb-width-medium:50%;--awb-order-medium:0;--awb-spacing-right-medium:70px;--awb-spacing-left-medium:72px;--awb-width-small:100%;--awb-order-small:0;--awb-spacing-right-small:40px;--awb-spacing-left-small:40px;\" data-animationType=\"fadeInUp\" data-animationDuration=\"0.8\" data-animationOffset=\"top-into-view\"><div class=\"fusion-column-wrapper fusion-column-has-shadow fusion-flex-justify-content-flex-start fusion-content-layout-column\"><div class=\"fusion-image-element \" style=\"--awb-aspect-ratio: 100 \/ 119;--awb-margin-bottom-small:50px;--awb-caption-title-font-family:var(--h2_typography-font-family);--awb-caption-title-font-weight:var(--h2_typography-font-weight);--awb-caption-title-font-style:var(--h2_typography-font-style);--awb-caption-title-size:var(--h2_typography-font-size);--awb-caption-title-transform:var(--h2_typography-text-transform);--awb-caption-title-line-height:var(--h2_typography-line-height);--awb-caption-title-letter-spacing:var(--h2_typography-letter-spacing);\"><span class=\" fusion-imageframe imageframe-none imageframe-2 hover-type-none has-aspect-ratio\"><img decoding=\"async\" width=\"1024\" height=\"576\" title=\"Gold_Candle_-45\" src=\"https:\/\/goldcandle.com\/wp-content\/uploads\/2025\/07\/Gold_Candle_-45-scaled.jpg\" data-orig-src=\"https:\/\/goldcandle.com\/wp-content\/uploads\/2025\/07\/Gold_Candle_-45-1024x576.jpg\" class=\"lazyload img-responsive wp-image-93568 img-with-aspect-ratio\" data-parent-fit=\"cover\" data-parent-container=\".fusion-image-element\" alt srcset=\"data:image\/svg+xml,%3Csvg%20xmlns%3D%27http%3A%2F%2Fwww.w3.org%2F2000%2Fsvg%27%20width%3D%272560%27%20height%3D%271440%27%20viewBox%3D%270%200%202560%201440%27%3E%3Crect%20width%3D%272560%27%20height%3D%271440%27%20fill-opacity%3D%220%22%2F%3E%3C%2Fsvg%3E\" data-srcset=\"https:\/\/goldcandle.com\/wp-content\/uploads\/2025\/07\/Gold_Candle_-45-200x113.jpg 200w, https:\/\/goldcandle.com\/wp-content\/uploads\/2025\/07\/Gold_Candle_-45-400x225.jpg 400w, https:\/\/goldcandle.com\/wp-content\/uploads\/2025\/07\/Gold_Candle_-45-600x338.jpg 600w, https:\/\/goldcandle.com\/wp-content\/uploads\/2025\/07\/Gold_Candle_-45-800x450.jpg 800w, https:\/\/goldcandle.com\/wp-content\/uploads\/2025\/07\/Gold_Candle_-45-1200x675.jpg 1200w\" data-sizes=\"auto\" data-orig-sizes=\"(max-width: 640px) 100vw, 600px\" \/><\/span><\/div><\/div><\/div><\/div><\/div><div class=\"fusion-fullwidth fullwidth-box fusion-builder-row-3 fusion-flex-container has-pattern-background has-mask-background nonhundred-percent-fullwidth non-hundred-percent-height-scrolling\" style=\"--link_hover_color: #278b77;--link_color: #278b77;--awb-background-position:right top;--awb-background-blend-mode:overlay;--awb-border-color:#ffffff;--awb-border-radius-top-left:0px;--awb-border-radius-top-right:0px;--awb-border-radius-bottom-right:0px;--awb-border-radius-bottom-left:0px;--awb-padding-top:0px;--awb-padding-bottom:120px;--awb-padding-top-medium:0px;--awb-padding-bottom-medium:90px;--awb-padding-top-small:0px;--awb-padding-bottom-small:80px;--awb-margin-bottom-medium:0px;--awb-background-color:#ffffff;--awb-flex-wrap:wrap;\" ><div class=\"fusion-builder-row fusion-row fusion-flex-align-items-center fusion-flex-content-wrap\" style=\"max-width:calc( 1200px + 80px );margin-left: calc(-80px \/ 2 );margin-right: calc(-80px \/ 2 );\"><div class=\"fusion-layout-column fusion_builder_column fusion-builder-column-4 fusion-flex-column fusion-animated\" style=\"--awb-bg-size:cover;--awb-width-large:52%;--awb-margin-top-large:0px;--awb-spacing-right-large:40px;--awb-margin-bottom-large:0px;--awb-spacing-left-large:72px;--awb-width-medium:50%;--awb-order-medium:0;--awb-spacing-right-medium:70px;--awb-spacing-left-medium:72px;--awb-width-small:100%;--awb-order-small:0;--awb-spacing-right-small:40px;--awb-spacing-left-small:40px;\" data-animationType=\"fadeInUp\" data-animationDuration=\"0.8\" data-animationOffset=\"top-into-view\"><div class=\"fusion-column-wrapper fusion-column-has-shadow fusion-flex-justify-content-flex-start fusion-content-layout-column\"><div class=\"fusion-image-element \" style=\"--awb-aspect-ratio: 100 \/ 119;--awb-margin-bottom-small:50px;--awb-caption-title-font-family:var(--h2_typography-font-family);--awb-caption-title-font-weight:var(--h2_typography-font-weight);--awb-caption-title-font-style:var(--h2_typography-font-style);--awb-caption-title-size:var(--h2_typography-font-size);--awb-caption-title-transform:var(--h2_typography-text-transform);--awb-caption-title-line-height:var(--h2_typography-line-height);--awb-caption-title-letter-spacing:var(--h2_typography-letter-spacing);\"><span class=\" fusion-imageframe imageframe-none imageframe-3 hover-type-none has-aspect-ratio\"><img decoding=\"async\" width=\"1024\" height=\"791\" title=\"Gold_Candle-43\" src=\"https:\/\/goldcandle.com\/wp-content\/uploads\/2025\/07\/Gold_Candle-43-scaled.jpg\" data-orig-src=\"https:\/\/goldcandle.com\/wp-content\/uploads\/2025\/07\/Gold_Candle-43-1024x791.jpg\" class=\"lazyload img-responsive wp-image-93569 img-with-aspect-ratio\" data-parent-fit=\"cover\" data-parent-container=\".fusion-image-element\" alt srcset=\"data:image\/svg+xml,%3Csvg%20xmlns%3D%27http%3A%2F%2Fwww.w3.org%2F2000%2Fsvg%27%20width%3D%272560%27%20height%3D%271978%27%20viewBox%3D%270%200%202560%201978%27%3E%3Crect%20width%3D%272560%27%20height%3D%271978%27%20fill-opacity%3D%220%22%2F%3E%3C%2Fsvg%3E\" data-srcset=\"https:\/\/goldcandle.com\/wp-content\/uploads\/2025\/07\/Gold_Candle-43-200x155.jpg 200w, https:\/\/goldcandle.com\/wp-content\/uploads\/2025\/07\/Gold_Candle-43-400x309.jpg 400w, https:\/\/goldcandle.com\/wp-content\/uploads\/2025\/07\/Gold_Candle-43-600x464.jpg 600w, https:\/\/goldcandle.com\/wp-content\/uploads\/2025\/07\/Gold_Candle-43-800x618.jpg 800w, https:\/\/goldcandle.com\/wp-content\/uploads\/2025\/07\/Gold_Candle-43-1200x927.jpg 1200w\" data-sizes=\"auto\" data-orig-sizes=\"(max-width: 640px) 100vw, 600px\" \/><\/span><\/div><\/div><\/div><div class=\"fusion-layout-column fusion_builder_column fusion-builder-column-5 fusion-flex-column fusion-animated\" style=\"--awb-padding-bottom-medium:0px;--awb-bg-size:cover;--awb-width-large:48%;--awb-margin-top-large:0px;--awb-spacing-right-large:55px;--awb-margin-bottom-large:0px;--awb-spacing-left-large:40px;--awb-width-medium:50%;--awb-order-medium:0;--awb-spacing-right-medium:55px;--awb-spacing-left-medium:20px;--awb-width-small:100%;--awb-order-small:1;--awb-spacing-right-small:55px;--awb-spacing-left-small:20px;\" data-animationType=\"fadeInLeft\" data-animationDuration=\"1.3\" data-animationOffset=\"top-into-view\"><div class=\"fusion-column-wrapper fusion-column-has-shadow fusion-flex-justify-content-flex-start fusion-content-layout-column\"><div class=\"fusion-title title fusion-title-3 fusion-no-small-visibility fusion-no-medium-visibility fusion-sep-none fusion-title-text fusion-title-size-two\" style=\"--awb-text-color:#091b18;--awb-margin-bottom:30px;--awb-margin-top-small:10px;--awb-margin-right-small:0px;--awb-margin-bottom-small:10px;--awb-margin-left-small:0px;--awb-sep-color:#d1d1d1;--awb-font-size:50px;\"><h2 class=\"fusion-title-heading title-heading-left fusion-responsive-typography-calculated\" style=\"margin:0;text-transform:var(--awb-typography1-text-transform);font-size:1em;--fontSize:50;line-height:1.2;\">Soutien aux initiatives communautaires<\/h2><\/div><div class=\"fusion-text fusion-text-3 fusion-text-no-margin\" style=\"--awb-letter-spacing:0px;--awb-text-transform:var(--awb-typography4-text-transform);--awb-text-color:#091b18;--awb-margin-top:0px;--awb-margin-right:0px;--awb-margin-bottom:10px;--awb-margin-left:0px;\"><p class=\"p1\">Par l\u2019entremise de son <span style=\"color: #1a75bc;\"><a style=\"color: #1a75bc;\" href=\"https:\/\/goldcandle.com\/fr\/investissement-communautaire\/\"><span class=\"s1\">programme d\u2019investissement communautaire<\/span><\/a><\/span>, Gold Candle est heureuse de soutenir les initiatives d\u2019organismes locaux qui contribuent au bien-\u00eatre de ses communaut\u00e9s d\u2019accueil.<\/p>\n<p class=\"p1\">Pour savoir comment b\u00e9n\u00e9ficier d\u2019un soutien pour votre initiative et pour pr\u00e9senter une demande, veuillez consulter la page <span style=\"color: #1a75bc;\"><a style=\"color: #1a75bc;\" href=\"https:\/\/goldcandle.com\/fr\/investissement-communautaire\/\"><span class=\"s1\">Investissement communautaire<\/span><\/a><\/span>.<\/p>\n<\/div><\/div><\/div><\/div><\/div><\/p>\n","protected":false},"excerpt":{"rendered":"","protected":false},"author":3,"featured_media":0,"parent":0,"menu_order":0,"comment_status":"closed","ping_status":"closed","template":"100-width.php","meta":{"_monsterinsights_skip_tracking":false,"_monsterinsights_sitenote_active":false,"_monsterinsights_sitenote_note":"","_monsterinsights_sitenote_category":0,"footnotes":""},"class_list":["post-93560","page","type-page","status-publish","hentry"],"aioseo_notices":[],"amp_enabled":true,"_links":{"self":[{"href":"https:\/\/goldcandle.com\/fr\/wp-json\/wp\/v2\/pages\/93560","targetHints":{"allow":["GET"]}}],"collection":[{"href":"https:\/\/goldcandle.com\/fr\/wp-json\/wp\/v2\/pages"}],"about":[{"href":"https:\/\/goldcandle.com\/fr\/wp-json\/wp\/v2\/types\/page"}],"author":[{"embeddable":true,"href":"https:\/\/goldcandle.com\/fr\/wp-json\/wp\/v2\/users\/3"}],"replies":[{"embeddable":true,"href":"https:\/\/goldcandle.com\/fr\/wp-json\/wp\/v2\/comments?post=93560"}],"version-history":[{"count":2,"href":"https:\/\/goldcandle.com\/fr\/wp-json\/wp\/v2\/pages\/93560\/revisions"}],"predecessor-version":[{"id":93588,"href":"https:\/\/goldcandle.com\/fr\/wp-json\/wp\/v2\/pages\/93560\/revisions\/93588"}],"wp:attachment":[{"href":"https:\/\/goldcandle.com\/fr\/wp-json\/wp\/v2\/media?parent=93560"}],"curies":[{"name":"wp","href":"https:\/\/api.w.org\/{rel}","templated":true}]}}